{"id":15318,"date":"2025-09-11T06:43:02","date_gmt":"2025-09-11T06:43:02","guid":{"rendered":"https:\/\/trode-multiverse.com\/?post_type=product&#038;p=15318"},"modified":"2026-04-02T05:34:03","modified_gmt":"2026-04-02T05:34:03","slug":"15318","status":"publish","type":"product","link":"https:\/\/trode-multiverse.com\/vi\/san-pham\/15318\/","title":{"rendered":"Balloon Fit Khaki Pants &#8211; Black"},"content":{"rendered":"<p class=\"cvGsUA direction-ltr align-start para-style-body\"><span class=\"a_GcMg font-feature-liga-off font-feature-clig-off font-feature-calt-off text-decoration-none text-strikethrough-none\">M\u00d4 T\u1ea2<\/span><\/p>\n<p class=\"cvGsUA direction-ltr align-start para-style-body\"><span class=\"a_GcMg font-feature-liga-off font-feature-clig-off font-feature-calt-off text-decoration-none text-strikethrough-none\">- CH\u1ea4T LI\u1ec6U:  CH\u00c2N CUA 100% COTTON<\/span><\/p>\n<p class=\"cvGsUA direction-ltr align-start para-style-body\"><span class=\"a_GcMg font-feature-liga-off font-feature-clig-off font-feature-calt-off text-decoration-none text-strikethrough-none\">&#8211; Colors: Black \/ Beige <\/span><\/p>\n<p class=\"cvGsUA direction-ltr align-start para-style-body\"><span class=\"a_GcMg font-feature-liga-off font-feature-clig-off font-feature-calt-off text-decoration-none text-strikethrough-none\">- FORM: BALLOON \u1ed0NG R\u1ed8NG<\/span><\/p>\n<p class=\"cvGsUA direction-ltr align-start para-style-body\"><span class=\"a_GcMg font-feature-liga-off font-feature-clig-off font-feature-calt-off text-decoration-none text-strikethrough-none\">CHI TI\u1ebeT:<\/span><\/p>\n<p class=\"cvGsUA direction-ltr align-start para-style-body\"><span class=\"a_GcMg font-feature-liga-off font-feature-clig-off font-feature-calt-off text-decoration-none text-strikethrough-none\">- CH\u1eee TH\u00caU 3d \u201cTRODE\u201d PH\u00cdA b\u00ean tr\u00e1i<\/span><\/p>\n<p class=\"cvGsUA direction-ltr align-start para-style-body\"><span class=\"a_GcMg font-feature-liga-off font-feature-clig-off font-feature-calt-off text-decoration-none text-strikethrough-none\">- 4 T\u00daI \u0110\u1ed0I X\u1ee8NG tr\u01b0\u1edbc v\u00e0 sau<\/span><\/p>\n<p class=\"cvGsUA direction-ltr align-start para-style-body\"><span class=\"a_GcMg font-feature-liga-off font-feature-clig-off font-feature-calt-off text-decoration-none text-strikethrough-none\">- 2 \u0110\u01af\u1edcNG CHI\u1ebeT NGAY \u1ed0NG QU\u1ea6N<\/span><\/p>\n<p class=\"cvGsUA direction-ltr align-start para-style-body\"><span class=\"a_GcMg font-feature-liga-off font-feature-clig-off font-feature-calt-off text-decoration-none text-strikethrough-none\">- L\u01afNG qu\u1ea7n kaki b\u00e1n CHUN K\u1ebeT H\u1ee2P CHI TI\u1ebeT 2 C\u00daC<\/span><\/p>\n<p class=\"cvGsUA direction-ltr align-start para-style-body\"><span class=\"a_GcMg font-feature-liga-off font-feature-clig-off font-feature-calt-off text-decoration-none text-strikethrough-none\">- \u1ed0NG QU\u1ea6N D\u00c1NG BALLOON PHONG C\u00c1CH NH\u1eacT B\u1ea2N<\/span><\/p>\n<p class=\"cvGsUA direction-ltr align-start para-style-body\"><span class=\"a_GcMg font-feature-liga-off font-feature-clig-off font-feature-calt-off text-decoration-none text-strikethrough-none\">M\u00e0u s\u1eafc s\u1ea3n ph\u1ea9m c\u00f3 th\u1ec3 kh\u00e1c tr\u00ean \u1ea3nh do \u0111i\u1ec1u ki\u1ec7n \u00e1nh s\u00e1ng khi ch\u1ee5p.<\/span><\/p>","protected":false},"excerpt":{"rendered":"<p><a href=\"https:\/\/trode-multiverse.com\/wp-content\/uploads\/2025\/08\/z6931471036842_68a451acfe2629d195220be277171c71.jpg\"><img fetchpriority=\"high\" decoding=\"async\" class=\"alignnone size-full wp-image-15014\" src=\"https:\/\/trode-multiverse.com\/wp-content\/uploads\/2025\/08\/z6931471036842_68a451acfe2629d195220be277171c71.jpg\" alt=\"\" width=\"1280\" height=\"719\" srcset=\"https:\/\/trode-multiverse.com\/wp-content\/uploads\/2025\/08\/z6931471036842_68a451acfe2629d195220be277171c71.jpg 1280w, https:\/\/trode-multiverse.com\/wp-content\/uploads\/2025\/08\/z6931471036842_68a451acfe2629d195220be277171c71-300x169.jpg 300w, https:\/\/trode-multiverse.com\/wp-content\/uploads\/2025\/08\/z6931471036842_68a451acfe2629d195220be277171c71-1024x575.jpg 1024w, https:\/\/trode-multiverse.com\/wp-content\/uploads\/2025\/08\/z6931471036842_68a451acfe2629d195220be277171c71-768x431.jpg 768w, https:\/\/trode-multiverse.com\/wp-content\/uploads\/2025\/08\/z6931471036842_68a451acfe2629d195220be277171c71-18x10.jpg 18w, https:\/\/trode-multiverse.com\/wp-content\/uploads\/2025\/08\/z6931471036842_68a451acfe2629d195220be277171c71-600x337.jpg 600w, https:\/\/trode-multiverse.com\/wp-content\/uploads\/2025\/08\/z6931471036842_68a451acfe2629d195220be277171c71-64x36.jpg 64w\" sizes=\"(max-width: 1280px) 100vw, 1280px\" \/><\/a><\/p>","protected":false},"featured_media":15085,"comment_status":"open","ping_status":"closed","template":"","meta":[],"product_brand":[],"product_cat":[259,273,267,263],"product_tag":[],"class_list":{"0":"post-15318","1":"product","2":"type-product","3":"status-publish","4":"has-post-thumbnail","6":"product_cat-bottom","7":"product_cat-dear-humans","8":"product_cat-new-arrivals","9":"product_cat-pants","10":"pa_color-beige","11":"pa_color-black","12":"pa_size-s","13":"pa_size-m","14":"pa_size-l","16":"first","17":"instock","18":"sale","19":"taxable","20":"shipping-taxable","21":"purchasable","22":"product-type-variable"},"_links":{"self":[{"href":"https:\/\/trode-multiverse.com\/vi\/wp-json\/wp\/v2\/product\/15318","targetHints":{"allow":["GET"]}}],"collection":[{"href":"https:\/\/trode-multiverse.com\/vi\/wp-json\/wp\/v2\/product"}],"about":[{"href":"https:\/\/trode-multiverse.com\/vi\/wp-json\/wp\/v2\/types\/product"}],"replies":[{"embeddable":true,"href":"https:\/\/trode-multiverse.com\/vi\/wp-json\/wp\/v2\/comments?post=15318"}],"wp:featuredmedia":[{"embeddable":true,"href":"https:\/\/trode-multiverse.com\/vi\/wp-json\/wp\/v2\/media\/15085"}],"wp:attachment":[{"href":"https:\/\/trode-multiverse.com\/vi\/wp-json\/wp\/v2\/media?parent=15318"}],"wp:term":[{"taxonomy":"product_brand","embeddable":true,"href":"https:\/\/trode-multiverse.com\/vi\/wp-json\/wp\/v2\/product_brand?post=15318"},{"taxonomy":"product_cat","embeddable":true,"href":"https:\/\/trode-multiverse.com\/vi\/wp-json\/wp\/v2\/product_cat?post=15318"},{"taxonomy":"product_tag","embeddable":true,"href":"https:\/\/trode-multiverse.com\/vi\/wp-json\/wp\/v2\/product_tag?post=15318"}],"curies":[{"name":"wp","href":"https:\/\/api.w.org\/{rel}","templated":true}]}}