{"id":14989,"date":"2025-08-21T13:52:52","date_gmt":"2025-08-21T13:52:52","guid":{"rendered":"https:\/\/trode-multiverse.com\/?post_type=product&#038;p=14989"},"modified":"2025-12-22T05:46:39","modified_gmt":"2025-12-22T05:46:39","slug":"pleated-back-tanktop","status":"publish","type":"product","link":"https:\/\/trode-multiverse.com\/vi\/san-pham\/pleated-back-tanktop\/","title":{"rendered":"\u00c1O BA L\u1ed6 X\u1ebeP LY"},"content":{"rendered":"<p class=\"cvGsUA direction-ltr align-start para-style-body\"><span class=\"a_GcMg font-feature-liga-off font-feature-clig-off font-feature-calt-off text-decoration-none text-strikethrough-none\">- CH\u1ea4T LI\u1ec6U: THUN G\u00c2N COTTON 100% CO GI\u00c3N 4 CHI\u1ec0U<\/span><\/p>\n<p class=\"cvGsUA direction-ltr align-start para-style-body\"><span class=\"a_GcMg font-feature-liga-off font-feature-clig-off font-feature-calt-off text-decoration-none text-strikethrough-none\">- M\u00c0U S\u1eaeC: x\u00e1m mu\u1ed1i ti\u00eau \u0111\u1eadm<\/span><\/p>\n<p class=\"cvGsUA direction-ltr align-start para-style-body\"><span class=\"a_GcMg font-feature-liga-off font-feature-clig-off font-feature-calt-off text-decoration-none text-strikethrough-none\">&#8211; Form: Slim Fit<\/span><\/p>\n<p class=\"cvGsUA direction-ltr align-start para-style-body\"><span class=\"a_GcMg font-feature-liga-off font-feature-clig-off font-feature-calt-off text-decoration-none text-strikethrough-none\">CHI TI\u1ebeT:<\/span><\/p>\n<p class=\"cvGsUA direction-ltr align-start para-style-body\"><span class=\"a_GcMg font-feature-liga-off font-feature-clig-off font-feature-calt-off text-decoration-none text-strikethrough-none\">- H\u00ccNH TH\u00caU LOGO N\u1ed4I M\u00c0U X\u00c1M \u0110\u1eacM M\u1eb6T TR\u01af\u1edaC<\/span><\/p>\n<p class=\"cvGsUA direction-ltr align-start para-style-body\"><span class=\"a_GcMg font-feature-liga-off font-feature-clig-off font-feature-calt-off text-decoration-none text-strikethrough-none\">- CHI TI\u1ebeT R\u00c3 M\u1eb6T TR\u01af\u1edaC<\/span><\/p>\n<p class=\"cvGsUA direction-ltr align-start para-style-body\"><span class=\"a_GcMg font-feature-liga-off font-feature-clig-off font-feature-calt-off text-decoration-none text-strikethrough-none\">- CHI TI\u1ebeT X\u1ebeP LY \u1ede M\u1eb6T SAU<\/span><\/p>\n<p class=\"cvGsUA direction-ltr align-start para-style-body\"><span class=\"a_GcMg font-feature-liga-off font-feature-clig-off font-feature-calt-off text-decoration-none text-strikethrough-none\">- \u0110i\u1ec3m nh\u1ea5n form chi\u1ebft eo<\/span><\/p>\n<p class=\"cvGsUA direction-ltr align-start para-style-body\"><span class=\"a_GcMg font-feature-liga-off font-feature-clig-off font-feature-calt-off text-decoration-none text-strikethrough-none\">M\u00e0u s\u1eafc s\u1ea3n ph\u1ea9m c\u00f3 th\u1ec3 kh\u00e1c tr\u00ean \u1ea3nh do \u0111i\u1ec1u ki\u1ec7n \u00e1nh s\u00e1ng khi ch\u1ee5p.<\/span><\/p>","protected":false},"excerpt":{"rendered":"<p><a href=\"https:\/\/trode-multiverse.com\/wp-content\/uploads\/2025\/08\/z6931471028583_f000620331d244a7df72945aaa5ed688.jpg\"><img fetchpriority=\"high\" decoding=\"async\" class=\"alignnone wp-image-15012 size-full\" src=\"https:\/\/trode-multiverse.com\/wp-content\/uploads\/2025\/08\/z6931471028583_f000620331d244a7df72945aaa5ed688.jpg\" alt=\"\" width=\"1280\" height=\"719\" srcset=\"https:\/\/trode-multiverse.com\/wp-content\/uploads\/2025\/08\/z6931471028583_f000620331d244a7df72945aaa5ed688.jpg 1280w, https:\/\/trode-multiverse.com\/wp-content\/uploads\/2025\/08\/z6931471028583_f000620331d244a7df72945aaa5ed688-300x169.jpg 300w, https:\/\/trode-multiverse.com\/wp-content\/uploads\/2025\/08\/z6931471028583_f000620331d244a7df72945aaa5ed688-1024x575.jpg 1024w, https:\/\/trode-multiverse.com\/wp-content\/uploads\/2025\/08\/z6931471028583_f000620331d244a7df72945aaa5ed688-768x431.jpg 768w, https:\/\/trode-multiverse.com\/wp-content\/uploads\/2025\/08\/z6931471028583_f000620331d244a7df72945aaa5ed688-18x10.jpg 18w, https:\/\/trode-multiverse.com\/wp-content\/uploads\/2025\/08\/z6931471028583_f000620331d244a7df72945aaa5ed688-600x337.jpg 600w, https:\/\/trode-multiverse.com\/wp-content\/uploads\/2025\/08\/z6931471028583_f000620331d244a7df72945aaa5ed688-64x36.jpg 64w\" sizes=\"(max-width: 1280px) 100vw, 1280px\" \/><\/a><\/p>","protected":false},"featured_media":14937,"comment_status":"open","ping_status":"closed","template":"","meta":[],"product_brand":[],"product_cat":[269,266,67],"product_tag":[274],"class_list":{"0":"post-14989","1":"product","2":"type-product","3":"status-publish","4":"has-post-thumbnail","6":"product_cat-collection-01","7":"product_cat-tank-top","8":"product_cat-top","9":"product_tag-274","10":"pa_size-m","11":"pa_size-s","13":"first","14":"instock","15":"taxable","16":"shipping-taxable","17":"purchasable","18":"product-type-variable"},"_links":{"self":[{"href":"https:\/\/trode-multiverse.com\/vi\/wp-json\/wp\/v2\/product\/14989","targetHints":{"allow":["GET"]}}],"collection":[{"href":"https:\/\/trode-multiverse.com\/vi\/wp-json\/wp\/v2\/product"}],"about":[{"href":"https:\/\/trode-multiverse.com\/vi\/wp-json\/wp\/v2\/types\/product"}],"replies":[{"embeddable":true,"href":"https:\/\/trode-multiverse.com\/vi\/wp-json\/wp\/v2\/comments?post=14989"}],"wp:featuredmedia":[{"embeddable":true,"href":"https:\/\/trode-multiverse.com\/vi\/wp-json\/wp\/v2\/media\/14937"}],"wp:attachment":[{"href":"https:\/\/trode-multiverse.com\/vi\/wp-json\/wp\/v2\/media?parent=14989"}],"wp:term":[{"taxonomy":"product_brand","embeddable":true,"href":"https:\/\/trode-multiverse.com\/vi\/wp-json\/wp\/v2\/product_brand?post=14989"},{"taxonomy":"product_cat","embeddable":true,"href":"https:\/\/trode-multiverse.com\/vi\/wp-json\/wp\/v2\/product_cat?post=14989"},{"taxonomy":"product_tag","embeddable":true,"href":"https:\/\/trode-multiverse.com\/vi\/wp-json\/wp\/v2\/product_tag?post=14989"}],"curies":[{"name":"wp","href":"https:\/\/api.w.org\/{rel}","templated":true}]}}