{"id":14983,"date":"2025-08-21T13:49:04","date_gmt":"2025-08-21T13:49:04","guid":{"rendered":"https:\/\/trode-multiverse.com\/?post_type=product&#038;p=14983"},"modified":"2026-04-02T05:38:06","modified_gmt":"2026-04-02T05:38:06","slug":"on-01-varsity-jacket","status":"publish","type":"product","link":"https:\/\/trode-multiverse.com\/vi\/san-pham\/on-01-varsity-jacket\/","title":{"rendered":"\u00c1O KHO\u00c1C VARSITY TRODE ON 01"},"content":{"rendered":"<p class=\"cvGsUA direction-ltr align-start para-style-body\"><span class=\"a_GcMg font-feature-liga-off font-feature-clig-off font-feature-calt-off text-decoration-none text-strikethrough-none\">- Ch\u1ea5t li\u1ec7u:  Kaki ph\u1ed1i da pu<\/span><\/p>\n<p class=\"cvGsUA direction-ltr align-start para-style-body\"><span class=\"a_GcMg font-feature-liga-off font-feature-clig-off font-feature-calt-off text-decoration-none text-strikethrough-none\">- M\u00e0u s\u1eafc, Xanh l\u00e1 th\u00f4ng<\/span><\/p>\n<p class=\"cvGsUA direction-ltr align-start para-style-body\"><span class=\"a_GcMg font-feature-liga-off font-feature-clig-off font-feature-calt-off text-decoration-none text-strikethrough-none\">-Form, Oversize<\/span><\/p>\n<p class=\"cvGsUA direction-ltr align-start para-style-body\"><span class=\"a_GcMg font-feature-liga-off font-feature-clig-off font-feature-calt-off text-decoration-none text-strikethrough-none\">CHI TI\u1ebeT:<\/span><\/p>\n<p class=\"cvGsUA direction-ltr align-start para-style-body\"><span class=\"a_GcMg font-feature-liga-off font-feature-clig-off font-feature-calt-off text-decoration-none text-strikethrough-none\">- C\u1ed5 \u00e1o v\u00e0o ph\u1ea7n tay l\u00e0m t\u1eeb da Pu<\/span><\/p>\n<p class=\"cvGsUA direction-ltr align-start para-style-body\"><span class=\"a_GcMg font-feature-liga-off font-feature-clig-off font-feature-calt-off text-decoration-none text-strikethrough-none\">- N\u00fat b\u1ea5m kim lo\u1ea1i<\/span><\/p>\n<p class=\"cvGsUA direction-ltr align-start para-style-body\"><span class=\"a_GcMg font-feature-liga-off font-feature-clig-off font-feature-calt-off text-decoration-none text-strikethrough-none\">- K\u1ef8 THU\u1eacT TH\u00caU \u0110\u1eaeP B\u00d4NG \u1ede PH\u1ea6N TAY \u00c1O V\u00c0 TH\u00c2N \u00c1O B\u00caN PH\u1ea2I<\/span><\/p>\n<p class=\"cvGsUA direction-ltr align-start para-style-body\"><span class=\"a_GcMg font-feature-liga-off font-feature-clig-off font-feature-calt-off text-decoration-none text-strikethrough-none\">- TH\u00caU 2D \u1ede M\u1eb6T TR\u01af\u1edaC V\u00c0 M\u1eb6T SAU \u00c1O<\/span><\/p>\n<p class=\"cvGsUA direction-ltr align-start para-style-body\"><span class=\"a_GcMg font-feature-liga-off font-feature-clig-off font-feature-calt-off text-decoration-none text-strikethrough-none\">- T\u00daI \u00c1O 2 B\u00caN V\u00c0 1 T\u00daI \u1ea8N B\u00caN TRONG TH\u00c2N \u00c1O<\/span><\/p>\n<p class=\"cvGsUA direction-ltr align-start para-style-body\"><span class=\"a_GcMg font-feature-liga-off font-feature-clig-off font-feature-calt-off text-decoration-none text-strikethrough-none\">- V\u1ea3i l\u00f3t gi\u00f3 b\u00ean trong tho\u00e1ng kh\u00ed<\/span><\/p>","protected":false},"excerpt":{"rendered":"<p><a href=\"https:\/\/trode-multiverse.com\/wp-content\/uploads\/2025\/08\/z6931471034554_6082498c5841930505da5eb0fa6f8e1e.jpg\"><img fetchpriority=\"high\" decoding=\"async\" class=\"alignnone wp-image-15013 size-full\" src=\"https:\/\/trode-multiverse.com\/wp-content\/uploads\/2025\/08\/z6931471034554_6082498c5841930505da5eb0fa6f8e1e.jpg\" alt=\"\" width=\"1280\" height=\"719\" srcset=\"https:\/\/trode-multiverse.com\/wp-content\/uploads\/2025\/08\/z6931471034554_6082498c5841930505da5eb0fa6f8e1e.jpg 1280w, https:\/\/trode-multiverse.com\/wp-content\/uploads\/2025\/08\/z6931471034554_6082498c5841930505da5eb0fa6f8e1e-300x169.jpg 300w, https:\/\/trode-multiverse.com\/wp-content\/uploads\/2025\/08\/z6931471034554_6082498c5841930505da5eb0fa6f8e1e-1024x575.jpg 1024w, https:\/\/trode-multiverse.com\/wp-content\/uploads\/2025\/08\/z6931471034554_6082498c5841930505da5eb0fa6f8e1e-768x431.jpg 768w, https:\/\/trode-multiverse.com\/wp-content\/uploads\/2025\/08\/z6931471034554_6082498c5841930505da5eb0fa6f8e1e-18x10.jpg 18w, https:\/\/trode-multiverse.com\/wp-content\/uploads\/2025\/08\/z6931471034554_6082498c5841930505da5eb0fa6f8e1e-600x337.jpg 600w, https:\/\/trode-multiverse.com\/wp-content\/uploads\/2025\/08\/z6931471034554_6082498c5841930505da5eb0fa6f8e1e-64x36.jpg 64w\" sizes=\"(max-width: 1280px) 100vw, 1280px\" \/><\/a><\/p>","protected":false},"featured_media":14951,"comment_status":"open","ping_status":"closed","template":"","meta":[],"product_brand":[],"product_cat":[269,267,67],"product_tag":[],"class_list":{"0":"post-14983","1":"product","2":"type-product","3":"status-publish","4":"has-post-thumbnail","6":"product_cat-collection-01","7":"product_cat-new-arrivals","8":"product_cat-top","9":"pa_size-m","10":"pa_size-l","12":"first","13":"instock","14":"sale","15":"taxable","16":"shipping-taxable","17":"purchasable","18":"product-type-variable"},"_links":{"self":[{"href":"https:\/\/trode-multiverse.com\/vi\/wp-json\/wp\/v2\/product\/14983","targetHints":{"allow":["GET"]}}],"collection":[{"href":"https:\/\/trode-multiverse.com\/vi\/wp-json\/wp\/v2\/product"}],"about":[{"href":"https:\/\/trode-multiverse.com\/vi\/wp-json\/wp\/v2\/types\/product"}],"replies":[{"embeddable":true,"href":"https:\/\/trode-multiverse.com\/vi\/wp-json\/wp\/v2\/comments?post=14983"}],"wp:featuredmedia":[{"embeddable":true,"href":"https:\/\/trode-multiverse.com\/vi\/wp-json\/wp\/v2\/media\/14951"}],"wp:attachment":[{"href":"https:\/\/trode-multiverse.com\/vi\/wp-json\/wp\/v2\/media?parent=14983"}],"wp:term":[{"taxonomy":"product_brand","embeddable":true,"href":"https:\/\/trode-multiverse.com\/vi\/wp-json\/wp\/v2\/product_brand?post=14983"},{"taxonomy":"product_cat","embeddable":true,"href":"https:\/\/trode-multiverse.com\/vi\/wp-json\/wp\/v2\/product_cat?post=14983"},{"taxonomy":"product_tag","embeddable":true,"href":"https:\/\/trode-multiverse.com\/vi\/wp-json\/wp\/v2\/product_tag?post=14983"}],"curies":[{"name":"wp","href":"https:\/\/api.w.org\/{rel}","templated":true}]}}