{"id":14979,"date":"2025-08-21T13:44:34","date_gmt":"2025-08-21T13:44:34","guid":{"rendered":"https:\/\/trode-multiverse.com\/?post_type=product&#038;p=14979"},"modified":"2025-11-12T04:45:15","modified_gmt":"2025-11-12T04:45:15","slug":"embroidered-logo-zip-up-hoodie","status":"publish","type":"product","link":"https:\/\/trode-multiverse.com\/vi\/san-pham\/embroidered-logo-zip-up-hoodie\/","title":{"rendered":"\u00c1O HOODIE KHO\u00c1 K\u00c9O TH\u00caU LOGO"},"content":{"rendered":"<p class=\"cvGsUA direction-ltr align-start para-style-body\"><span class=\"a_GcMg font-feature-liga-off font-feature-clig-off font-feature-calt-off text-decoration-none text-strikethrough-none\">- CH\u1ea4T LI\u1ec6U:  Ch\u00e2n cua 100% COTTON<\/span><\/p>\n<p class=\"cvGsUA direction-ltr align-start para-style-body\"><span class=\"a_GcMg font-feature-liga-off font-feature-clig-off font-feature-calt-off text-decoration-none text-strikethrough-none\">- M\u00e0u s\u1eafc: X\u00e1m washed<\/span><\/p>\n<p class=\"cvGsUA direction-ltr align-start para-style-body\"><span class=\"a_GcMg font-feature-liga-off font-feature-clig-off font-feature-calt-off text-decoration-none text-strikethrough-none\">- FORM: OVERSIZED<\/span><\/p>\n<p class=\"cvGsUA direction-ltr align-start para-style-body\"><span class=\"a_GcMg font-feature-liga-off font-feature-clig-off font-feature-calt-off text-decoration-none text-strikethrough-none\">CHI TI\u1ebeT:<\/span><\/p>\n<p class=\"cvGsUA direction-ltr align-start para-style-body\"><span class=\"a_GcMg font-feature-liga-off font-feature-clig-off font-feature-calt-off text-decoration-none text-strikethrough-none\">- \u00c1O KHO\u00c1C N\u1ec8 WASH M\u00c0U X\u00c1M JEANS<\/span><\/p>\n<p class=\"cvGsUA direction-ltr align-start para-style-body\"><span class=\"a_GcMg font-feature-liga-off font-feature-clig-off font-feature-calt-off text-decoration-none text-strikethrough-none\">- H\u00ecnh th\u00eau \u0111\u1eafp v\u1ea3i logo \u1edf gi\u1eefa<\/span><\/p>\n<p class=\"cvGsUA direction-ltr align-start para-style-body\"><span class=\"a_GcMg font-feature-liga-off font-feature-clig-off font-feature-calt-off text-decoration-none text-strikethrough-none\">- CHI TI\u1ebeT R\u00c3 M\u1eb6T TR\u01af\u1edaC<\/span><\/p>\n<p class=\"cvGsUA direction-ltr align-start para-style-body\"><span class=\"a_GcMg font-feature-liga-off font-feature-clig-off font-feature-calt-off text-decoration-none text-strikethrough-none\">- FORM M\u0168 R\u1ed8NG<\/span><\/p>\n<p class=\"cvGsUA direction-ltr align-start para-style-body\"><span class=\"a_GcMg font-feature-liga-off font-feature-clig-off font-feature-calt-off text-decoration-none text-strikethrough-none\">- 2 t\u00fai BOXING m\u1eb7t tr\u01b0\u1edbc<\/span><\/p>\n<p class=\"cvGsUA direction-ltr align-start para-style-body\"><span class=\"a_GcMg font-feature-liga-off font-feature-clig-off font-feature-calt-off text-decoration-none text-strikethrough-none\">- Kho\u00e1 k\u00e9o 2 \u0111\u1ea7u YKK<\/span><\/p>\n<p class=\"cvGsUA direction-ltr align-start para-style-body\"><span class=\"a_GcMg font-feature-liga-off font-feature-clig-off font-feature-calt-off text-decoration-none text-strikethrough-none\">- Tag da m\u00e0u xanh logo \u1edf m\u1eb7t sau<\/span><\/p>\n<p class=\"cvGsUA direction-ltr align-start para-style-body\"><span class=\"a_GcMg font-feature-liga-off font-feature-clig-off font-feature-calt-off text-decoration-none text-strikethrough-none\">M\u00e0u s\u1eafc s\u1ea3n ph\u1ea9m c\u00f3 th\u1ec3 kh\u00e1c tr\u00ean \u1ea3nh do \u0111i\u1ec1u ki\u1ec7n \u00e1nh s\u00e1ng khi ch\u1ee5p.<\/span><\/p>","protected":false},"excerpt":{"rendered":"<p><a href=\"https:\/\/trode-multiverse.com\/wp-content\/uploads\/2025\/08\/Screenshot-2025-11-12-at-11.44.33.png\"><img fetchpriority=\"high\" decoding=\"async\" class=\"alignnone size-full wp-image-15606\" src=\"https:\/\/trode-multiverse.com\/wp-content\/uploads\/2025\/08\/Screenshot-2025-11-12-at-11.44.33.png\" alt=\"\" width=\"1442\" height=\"570\" srcset=\"https:\/\/trode-multiverse.com\/wp-content\/uploads\/2025\/08\/Screenshot-2025-11-12-at-11.44.33.png 1442w, https:\/\/trode-multiverse.com\/wp-content\/uploads\/2025\/08\/Screenshot-2025-11-12-at-11.44.33-300x119.png 300w, https:\/\/trode-multiverse.com\/wp-content\/uploads\/2025\/08\/Screenshot-2025-11-12-at-11.44.33-1024x405.png 1024w, https:\/\/trode-multiverse.com\/wp-content\/uploads\/2025\/08\/Screenshot-2025-11-12-at-11.44.33-768x304.png 768w, https:\/\/trode-multiverse.com\/wp-content\/uploads\/2025\/08\/Screenshot-2025-11-12-at-11.44.33-18x7.png 18w, https:\/\/trode-multiverse.com\/wp-content\/uploads\/2025\/08\/Screenshot-2025-11-12-at-11.44.33-600x237.png 600w, https:\/\/trode-multiverse.com\/wp-content\/uploads\/2025\/08\/Screenshot-2025-11-12-at-11.44.33-64x25.png 64w\" sizes=\"(max-width: 1442px) 100vw, 1442px\" \/><\/a><\/p>","protected":false},"featured_media":15019,"comment_status":"open","ping_status":"closed","template":"","meta":[],"product_brand":[],"product_cat":[269,260,267,67],"product_tag":[],"class_list":{"0":"post-14979","1":"product","2":"type-product","3":"status-publish","4":"has-post-thumbnail","6":"product_cat-collection-01","7":"product_cat-hoodie","8":"product_cat-new-arrivals","9":"product_cat-top","10":"pa_size-s","11":"pa_size-m","12":"pa_size-l","14":"first","15":"instock","16":"taxable","17":"shipping-taxable","18":"purchasable","19":"product-type-variable"},"_links":{"self":[{"href":"https:\/\/trode-multiverse.com\/vi\/wp-json\/wp\/v2\/product\/14979","targetHints":{"allow":["GET"]}}],"collection":[{"href":"https:\/\/trode-multiverse.com\/vi\/wp-json\/wp\/v2\/product"}],"about":[{"href":"https:\/\/trode-multiverse.com\/vi\/wp-json\/wp\/v2\/types\/product"}],"replies":[{"embeddable":true,"href":"https:\/\/trode-multiverse.com\/vi\/wp-json\/wp\/v2\/comments?post=14979"}],"wp:featuredmedia":[{"embeddable":true,"href":"https:\/\/trode-multiverse.com\/vi\/wp-json\/wp\/v2\/media\/15019"}],"wp:attachment":[{"href":"https:\/\/trode-multiverse.com\/vi\/wp-json\/wp\/v2\/media?parent=14979"}],"wp:term":[{"taxonomy":"product_brand","embeddable":true,"href":"https:\/\/trode-multiverse.com\/vi\/wp-json\/wp\/v2\/product_brand?post=14979"},{"taxonomy":"product_cat","embeddable":true,"href":"https:\/\/trode-multiverse.com\/vi\/wp-json\/wp\/v2\/product_cat?post=14979"},{"taxonomy":"product_tag","embeddable":true,"href":"https:\/\/trode-multiverse.com\/vi\/wp-json\/wp\/v2\/product_tag?post=14979"}],"curies":[{"name":"wp","href":"https:\/\/api.w.org\/{rel}","templated":true}]}}