{"id":13903,"date":"2025-07-18T13:52:57","date_gmt":"2025-07-18T13:52:57","guid":{"rendered":"https:\/\/trode-multiverse.com\/?post_type=product&#038;p=13903"},"modified":"2026-04-02T05:34:45","modified_gmt":"2026-04-02T05:34:45","slug":"balloon-fit-khaki-pants","status":"publish","type":"product","link":"https:\/\/trode-multiverse.com\/vi\/san-pham\/balloon-fit-khaki-pants\/","title":{"rendered":"Balloon Fit Khaki Pants &#8211; Beige"},"content":{"rendered":"<p class=\"cvGsUA direction-ltr align-start para-style-body\"><span class=\"a_GcMg font-feature-liga-off font-feature-clig-off font-feature-calt-off text-decoration-none text-strikethrough-none\">M\u00d4 T\u1ea2<\/span><\/p>\n<p class=\"cvGsUA direction-ltr align-start para-style-body\"><span class=\"a_GcMg font-feature-liga-off font-feature-clig-off font-feature-calt-off text-decoration-none text-strikethrough-none\">- CH\u1ea4T LI\u1ec6U:  CH\u00c2N CUA 100% COTTON<\/span><\/p>\n<p class=\"cvGsUA direction-ltr align-start para-style-body\"><span class=\"a_GcMg font-feature-liga-off font-feature-clig-off font-feature-calt-off text-decoration-none text-strikethrough-none\">- M\u00c0U S\u1eaeC:  BE \/ \u0110EN<\/span><\/p>\n<p class=\"cvGsUA direction-ltr align-start para-style-body\"><span class=\"a_GcMg font-feature-liga-off font-feature-clig-off font-feature-calt-off text-decoration-none text-strikethrough-none\">- FORM: BALLOON \u1ed0NG R\u1ed8NG<\/span><\/p>\n<p class=\"cvGsUA direction-ltr align-start para-style-body\"><span class=\"a_GcMg font-feature-liga-off font-feature-clig-off font-feature-calt-off text-decoration-none text-strikethrough-none\">CHI TI\u1ebeT:<\/span><\/p>\n<p class=\"cvGsUA direction-ltr align-start para-style-body\"><span class=\"a_GcMg font-feature-liga-off font-feature-clig-off font-feature-calt-off text-decoration-none text-strikethrough-none\">- CH\u1eee TH\u00caU 3d \u201cTRODE\u201d PH\u00cdA b\u00ean tr\u00e1i<\/span><\/p>\n<p class=\"cvGsUA direction-ltr align-start para-style-body\"><span class=\"a_GcMg font-feature-liga-off font-feature-clig-off font-feature-calt-off text-decoration-none text-strikethrough-none\">- 4 T\u00daI \u0110\u1ed0I X\u1ee8NG tr\u01b0\u1edbc v\u00e0 sau<\/span><\/p>\n<p class=\"cvGsUA direction-ltr align-start para-style-body\"><span class=\"a_GcMg font-feature-liga-off font-feature-clig-off font-feature-calt-off text-decoration-none text-strikethrough-none\">- 2 \u0110\u01af\u1edcNG CHI\u1ebeT NGAY \u1ed0NG QU\u1ea6N<\/span><\/p>\n<p class=\"cvGsUA direction-ltr align-start para-style-body\"><span class=\"a_GcMg font-feature-liga-off font-feature-clig-off font-feature-calt-off text-decoration-none text-strikethrough-none\">- L\u01afNG qu\u1ea7n kaki b\u00e1n CHUN K\u1ebeT H\u1ee2P CHI TI\u1ebeT 2 C\u00daC<\/span><\/p>\n<p class=\"cvGsUA direction-ltr align-start para-style-body\"><span class=\"a_GcMg font-feature-liga-off font-feature-clig-off font-feature-calt-off text-decoration-none text-strikethrough-none\">- \u1ed0NG QU\u1ea6N D\u00c1NG BALLOON PHONG C\u00c1CH NH\u1eacT B\u1ea2N<\/span><\/p>\n<p class=\"cvGsUA direction-ltr align-start para-style-body\"><span class=\"a_GcMg font-feature-liga-off font-feature-clig-off font-feature-calt-off text-decoration-none text-strikethrough-none\">M\u00e0u s\u1eafc s\u1ea3n ph\u1ea9m c\u00f3 th\u1ec3 kh\u00e1c tr\u00ean \u1ea3nh do \u0111i\u1ec1u ki\u1ec7n \u00e1nh s\u00e1ng khi ch\u1ee5p.<\/span><\/p>","protected":false},"excerpt":{"rendered":"<p><a href=\"https:\/\/trode-multiverse.com\/wp-content\/uploads\/2025\/07\/QUAN-DAI-KAKI-BE_DEN.png\"><img fetchpriority=\"high\" decoding=\"async\" class=\"alignnone wp-image-14914 size-full\" src=\"https:\/\/trode-multiverse.com\/wp-content\/uploads\/2025\/07\/QUAN-DAI-KAKI-BE_DEN.png\" alt=\"\" width=\"2000\" height=\"1125\" srcset=\"https:\/\/trode-multiverse.com\/wp-content\/uploads\/2025\/07\/QUAN-DAI-KAKI-BE_DEN.png 2000w, https:\/\/trode-multiverse.com\/wp-content\/uploads\/2025\/07\/QUAN-DAI-KAKI-BE_DEN-300x169.png 300w, https:\/\/trode-multiverse.com\/wp-content\/uploads\/2025\/07\/QUAN-DAI-KAKI-BE_DEN-1024x576.png 1024w, https:\/\/trode-multiverse.com\/wp-content\/uploads\/2025\/07\/QUAN-DAI-KAKI-BE_DEN-768x432.png 768w, https:\/\/trode-multiverse.com\/wp-content\/uploads\/2025\/07\/QUAN-DAI-KAKI-BE_DEN-1536x864.png 1536w, https:\/\/trode-multiverse.com\/wp-content\/uploads\/2025\/07\/QUAN-DAI-KAKI-BE_DEN-18x10.png 18w, https:\/\/trode-multiverse.com\/wp-content\/uploads\/2025\/07\/QUAN-DAI-KAKI-BE_DEN-600x338.png 600w, https:\/\/trode-multiverse.com\/wp-content\/uploads\/2025\/07\/QUAN-DAI-KAKI-BE_DEN-64x36.png 64w\" sizes=\"(max-width: 2000px) 100vw, 2000px\" \/><\/a><\/p>","protected":false},"featured_media":15059,"comment_status":"open","ping_status":"closed","template":"","meta":[],"product_brand":[],"product_cat":[259,273,267,263],"product_tag":[],"class_list":{"0":"post-13903","1":"product","2":"type-product","3":"status-publish","4":"has-post-thumbnail","6":"product_cat-bottom","7":"product_cat-dear-humans","8":"product_cat-new-arrivals","9":"product_cat-pants","10":"pa_color-beige","11":"pa_color-black","12":"pa_size-s","13":"pa_size-m","14":"pa_size-l","16":"first","17":"instock","18":"sale","19":"taxable","20":"shipping-taxable","21":"purchasable","22":"product-type-variable"},"_links":{"self":[{"href":"https:\/\/trode-multiverse.com\/vi\/wp-json\/wp\/v2\/product\/13903","targetHints":{"allow":["GET"]}}],"collection":[{"href":"https:\/\/trode-multiverse.com\/vi\/wp-json\/wp\/v2\/product"}],"about":[{"href":"https:\/\/trode-multiverse.com\/vi\/wp-json\/wp\/v2\/types\/product"}],"replies":[{"embeddable":true,"href":"https:\/\/trode-multiverse.com\/vi\/wp-json\/wp\/v2\/comments?post=13903"}],"wp:featuredmedia":[{"embeddable":true,"href":"https:\/\/trode-multiverse.com\/vi\/wp-json\/wp\/v2\/media\/15059"}],"wp:attachment":[{"href":"https:\/\/trode-multiverse.com\/vi\/wp-json\/wp\/v2\/media?parent=13903"}],"wp:term":[{"taxonomy":"product_brand","embeddable":true,"href":"https:\/\/trode-multiverse.com\/vi\/wp-json\/wp\/v2\/product_brand?post=13903"},{"taxonomy":"product_cat","embeddable":true,"href":"https:\/\/trode-multiverse.com\/vi\/wp-json\/wp\/v2\/product_cat?post=13903"},{"taxonomy":"product_tag","embeddable":true,"href":"https:\/\/trode-multiverse.com\/vi\/wp-json\/wp\/v2\/product_tag?post=13903"}],"curies":[{"name":"wp","href":"https:\/\/api.w.org\/{rel}","templated":true}]}}