{"id":13899,"date":"2025-07-18T13:50:56","date_gmt":"2025-07-18T13:50:56","guid":{"rendered":"https:\/\/trode-multiverse.com\/?post_type=product&#038;p=13899"},"modified":"2025-09-08T06:22:52","modified_gmt":"2025-09-08T06:22:52","slug":"embroidered-logo-shorts","status":"publish","type":"product","link":"https:\/\/trode-multiverse.com\/vi\/san-pham\/embroidered-logo-shorts\/","title":{"rendered":"Qu\u1ea7n short th\u00eau logo \"Trode\""},"content":{"rendered":"<p class=\"cvGsUA direction-ltr align-start para-style-body\"><span class=\"a_GcMg font-feature-liga-off font-feature-clig-off font-feature-calt-off text-decoration-none text-strikethrough-none\">- CH\u1ea4T LI\u1ec6U:  CH\u00c2N CUA 100% COTTON<\/span><\/p>\n<p class=\"cvGsUA direction-ltr align-start para-style-body\"><span class=\"a_GcMg font-feature-liga-off font-feature-clig-off font-feature-calt-off text-decoration-none text-strikethrough-none\">- M\u00c0U S\u1eaeC: X\u00c1M \u0110\u1eacM<\/span><\/p>\n<p class=\"cvGsUA direction-ltr align-start para-style-body\"><span class=\"a_GcMg font-feature-liga-off font-feature-clig-off font-feature-calt-off text-decoration-none text-strikethrough-none\">- FORM: BOXY OVERSIZE FIT<\/span><\/p>\n<p class=\"cvGsUA direction-ltr align-start para-style-body\"><span class=\"a_GcMg font-feature-liga-off font-feature-clig-off font-feature-calt-off text-decoration-none text-strikethrough-none\">CHI TI\u1ebeT:<\/span><\/p>\n<p class=\"cvGsUA direction-ltr align-start para-style-body\"><span class=\"a_GcMg font-feature-liga-off font-feature-clig-off font-feature-calt-off text-decoration-none text-strikethrough-none\">- L\u01afNG THUN CO GI\u00c3N THO\u1ea2I M\u00c1I K\u1ebeT H\u1ee2P D\u00c2Y R\u00daT<\/span><\/p>\n<p class=\"cvGsUA direction-ltr align-start para-style-body\"><span class=\"a_GcMg font-feature-liga-off font-feature-clig-off font-feature-calt-off text-decoration-none text-strikethrough-none\">- M\u00d3C TREO PH\u1ee4 KI\u1ec6N M\u1eb6T TR\u01af\u1edaC<\/span><\/p>\n<p class=\"cvGsUA direction-ltr align-start para-style-body\"><span class=\"a_GcMg font-feature-liga-off font-feature-clig-off font-feature-calt-off text-decoration-none text-strikethrough-none\">- H\u00ccNH TH\u00caU \u0110\u1eaeP \u201cTRODE\u201d<\/span><\/p>\n<p class=\"cvGsUA direction-ltr align-start para-style-body\"><span class=\"a_GcMg font-feature-liga-off font-feature-clig-off font-feature-calt-off text-decoration-none text-strikethrough-none\">- \u0110\u01af\u1edcNG R\u00c3 M\u1eb6T TR\u01af\u1edaC V\u00c0 SAU<\/span><\/p>\n<p class=\"cvGsUA direction-ltr align-start para-style-body\"><span class=\"a_GcMg font-feature-liga-off font-feature-clig-off font-feature-calt-off text-decoration-none text-strikethrough-none\">M\u00e0u s\u1eafc s\u1ea3n ph\u1ea9m c\u00f3 th\u1ec3 kh\u00e1c tr\u00ean \u1ea3nh do \u0111i\u1ec1u ki\u1ec7n \u00e1nh s\u00e1ng khi ch\u1ee5p.<\/span><\/p>","protected":false},"excerpt":{"rendered":"<p><a href=\"https:\/\/trode-multiverse.com\/wp-content\/uploads\/2025\/07\/QUAN-SHORT-CHAN-CUA-XAM.jpg\"><img fetchpriority=\"high\" decoding=\"async\" class=\"alignnone wp-image-14913 size-full\" src=\"https:\/\/trode-multiverse.com\/wp-content\/uploads\/2025\/07\/QUAN-SHORT-CHAN-CUA-XAM.jpg\" alt=\"\" width=\"2000\" height=\"1125\" srcset=\"https:\/\/trode-multiverse.com\/wp-content\/uploads\/2025\/07\/QUAN-SHORT-CHAN-CUA-XAM.jpg 2000w, https:\/\/trode-multiverse.com\/wp-content\/uploads\/2025\/07\/QUAN-SHORT-CHAN-CUA-XAM-300x169.jpg 300w, https:\/\/trode-multiverse.com\/wp-content\/uploads\/2025\/07\/QUAN-SHORT-CHAN-CUA-XAM-1024x576.jpg 1024w, https:\/\/trode-multiverse.com\/wp-content\/uploads\/2025\/07\/QUAN-SHORT-CHAN-CUA-XAM-768x432.jpg 768w, https:\/\/trode-multiverse.com\/wp-content\/uploads\/2025\/07\/QUAN-SHORT-CHAN-CUA-XAM-1536x864.jpg 1536w, https:\/\/trode-multiverse.com\/wp-content\/uploads\/2025\/07\/QUAN-SHORT-CHAN-CUA-XAM-18x10.jpg 18w, https:\/\/trode-multiverse.com\/wp-content\/uploads\/2025\/07\/QUAN-SHORT-CHAN-CUA-XAM-600x338.jpg 600w, https:\/\/trode-multiverse.com\/wp-content\/uploads\/2025\/07\/QUAN-SHORT-CHAN-CUA-XAM-64x36.jpg 64w\" sizes=\"(max-width: 2000px) 100vw, 2000px\" \/><\/a><\/p>","protected":false},"featured_media":15061,"comment_status":"open","ping_status":"closed","template":"","meta":[],"product_brand":[],"product_cat":[259,273,267,262],"product_tag":[],"class_list":{"0":"post-13899","1":"product","2":"type-product","3":"status-publish","4":"has-post-thumbnail","6":"product_cat-bottom","7":"product_cat-dear-humans","8":"product_cat-new-arrivals","9":"product_cat-shorts","10":"pa_size-m","11":"pa_size-l","13":"first","14":"instock","15":"taxable","16":"shipping-taxable","17":"purchasable","18":"product-type-variable"},"_links":{"self":[{"href":"https:\/\/trode-multiverse.com\/vi\/wp-json\/wp\/v2\/product\/13899","targetHints":{"allow":["GET"]}}],"collection":[{"href":"https:\/\/trode-multiverse.com\/vi\/wp-json\/wp\/v2\/product"}],"about":[{"href":"https:\/\/trode-multiverse.com\/vi\/wp-json\/wp\/v2\/types\/product"}],"replies":[{"embeddable":true,"href":"https:\/\/trode-multiverse.com\/vi\/wp-json\/wp\/v2\/comments?post=13899"}],"wp:featuredmedia":[{"embeddable":true,"href":"https:\/\/trode-multiverse.com\/vi\/wp-json\/wp\/v2\/media\/15061"}],"wp:attachment":[{"href":"https:\/\/trode-multiverse.com\/vi\/wp-json\/wp\/v2\/media?parent=13899"}],"wp:term":[{"taxonomy":"product_brand","embeddable":true,"href":"https:\/\/trode-multiverse.com\/vi\/wp-json\/wp\/v2\/product_brand?post=13899"},{"taxonomy":"product_cat","embeddable":true,"href":"https:\/\/trode-multiverse.com\/vi\/wp-json\/wp\/v2\/product_cat?post=13899"},{"taxonomy":"product_tag","embeddable":true,"href":"https:\/\/trode-multiverse.com\/vi\/wp-json\/wp\/v2\/product_tag?post=13899"}],"curies":[{"name":"wp","href":"https:\/\/api.w.org\/{rel}","templated":true}]}}