{"id":13895,"date":"2025-07-18T13:49:19","date_gmt":"2025-07-18T13:49:19","guid":{"rendered":"https:\/\/trode-multiverse.com\/?post_type=product&#038;p=13895"},"modified":"2025-12-18T05:08:40","modified_gmt":"2025-12-18T05:08:40","slug":"oversized-striped-long-sleeve-shirt","status":"publish","type":"product","link":"https:\/\/trode-multiverse.com\/vi\/san-pham\/oversized-striped-long-sleeve-shirt\/","title":{"rendered":"S\u01a1 mi s\u1ecdc Oversize d\u00e0i tay"},"content":{"rendered":"<p class=\"cvGsUA direction-ltr align-start para-style-body\"><span class=\"a_GcMg font-feature-liga-off font-feature-clig-off font-feature-calt-off text-decoration-none text-strikethrough-none\">M\u00d4 T\u1ea2<\/span><\/p>\n<p class=\"cvGsUA direction-ltr align-start para-style-body\"><span class=\"a_GcMg font-feature-liga-off font-feature-clig-off font-feature-calt-off text-decoration-none text-strikethrough-none\">- CH\u1ea4T LI\u1ec6U: THUN G\u00c2N COTTON 100% CO GI\u00c3N 4 CHI\u1ec0U<\/span><\/p>\n<p class=\"cvGsUA direction-ltr align-start para-style-body\"><span class=\"a_GcMg font-feature-liga-off font-feature-clig-off font-feature-calt-off text-decoration-none text-strikethrough-none\">- M\u00c0U S\u1eaeC: XANH MATCHA S\u1eccC<\/span><\/p>\n<p class=\"cvGsUA direction-ltr align-start para-style-body\"><span class=\"a_GcMg font-feature-liga-off font-feature-clig-off font-feature-calt-off text-decoration-none text-strikethrough-none\">- FORM: JAPAN OVERSIZe<\/span><\/p>\n<p class=\"cvGsUA direction-ltr align-start para-style-body\"><span class=\"a_GcMg font-feature-liga-off font-feature-clig-off font-feature-calt-off text-decoration-none text-strikethrough-none\">CHI TI\u1ebeT:<\/span><\/p>\n<p class=\"cvGsUA direction-ltr align-start para-style-body\"><span class=\"a_GcMg font-feature-liga-off font-feature-clig-off font-feature-calt-off text-decoration-none text-strikethrough-none\">- CH\u1eee \u201cTRODE\u201d TH\u00caU PH\u00cdA B\u00caN TR\u00c1I<\/span><\/p>\n<p class=\"cvGsUA direction-ltr align-start para-style-body\"><span class=\"a_GcMg font-feature-liga-off font-feature-clig-off font-feature-calt-off text-decoration-none text-strikethrough-none\">- T\u00daI \u00c1O KI\u1ec2U BLAZER<\/span><\/p>\n<p class=\"cvGsUA direction-ltr align-start para-style-body\"><span class=\"a_GcMg font-feature-liga-off font-feature-clig-off font-feature-calt-off text-decoration-none text-strikethrough-none\">- TAG TRODE TH\u00caU d\u1ec7t PH\u1ea6N C\u00c1NH TAY PH\u1ea2I<\/span><\/p>\n<p class=\"cvGsUA direction-ltr align-start para-style-body\"><span class=\"a_GcMg font-feature-liga-off font-feature-clig-off font-feature-calt-off text-decoration-none text-strikethrough-none\">M\u00e0u s\u1eafc s\u1ea3n ph\u1ea9m c\u00f3 th\u1ec3 kh\u00e1c tr\u00ean \u1ea3nh do \u0111i\u1ec1u ki\u1ec7n \u00e1nh s\u00e1ng khi ch\u1ee5p.<\/span><\/p>","protected":false},"excerpt":{"rendered":"<p><a href=\"https:\/\/trode-multiverse.com\/wp-content\/uploads\/2025\/07\/AO-SO-MI-SOC-XANH-TRANG.jpg\"><img fetchpriority=\"high\" decoding=\"async\" class=\"alignnone wp-image-14916 size-full\" src=\"https:\/\/trode-multiverse.com\/wp-content\/uploads\/2025\/07\/AO-SO-MI-SOC-XANH-TRANG.jpg\" alt=\"\" width=\"2000\" height=\"1125\" srcset=\"https:\/\/trode-multiverse.com\/wp-content\/uploads\/2025\/07\/AO-SO-MI-SOC-XANH-TRANG.jpg 2000w, https:\/\/trode-multiverse.com\/wp-content\/uploads\/2025\/07\/AO-SO-MI-SOC-XANH-TRANG-300x169.jpg 300w, https:\/\/trode-multiverse.com\/wp-content\/uploads\/2025\/07\/AO-SO-MI-SOC-XANH-TRANG-1024x576.jpg 1024w, https:\/\/trode-multiverse.com\/wp-content\/uploads\/2025\/07\/AO-SO-MI-SOC-XANH-TRANG-768x432.jpg 768w, https:\/\/trode-multiverse.com\/wp-content\/uploads\/2025\/07\/AO-SO-MI-SOC-XANH-TRANG-1536x864.jpg 1536w, https:\/\/trode-multiverse.com\/wp-content\/uploads\/2025\/07\/AO-SO-MI-SOC-XANH-TRANG-18x10.jpg 18w, https:\/\/trode-multiverse.com\/wp-content\/uploads\/2025\/07\/AO-SO-MI-SOC-XANH-TRANG-600x338.jpg 600w, https:\/\/trode-multiverse.com\/wp-content\/uploads\/2025\/07\/AO-SO-MI-SOC-XANH-TRANG-64x36.jpg 64w\" sizes=\"(max-width: 2000px) 100vw, 2000px\" \/><\/a><\/p>","protected":false},"featured_media":15062,"comment_status":"open","ping_status":"closed","template":"","meta":[],"product_brand":[],"product_cat":[273,267,261,67],"product_tag":[],"class_list":{"0":"post-13895","1":"product","2":"type-product","3":"status-publish","4":"has-post-thumbnail","6":"product_cat-dear-humans","7":"product_cat-new-arrivals","8":"product_cat-shirt","9":"product_cat-top","10":"pa_size-m","11":"pa_size-l","13":"first","14":"outofstock","15":"taxable","16":"shipping-taxable","17":"purchasable","18":"product-type-variable"},"_links":{"self":[{"href":"https:\/\/trode-multiverse.com\/vi\/wp-json\/wp\/v2\/product\/13895","targetHints":{"allow":["GET"]}}],"collection":[{"href":"https:\/\/trode-multiverse.com\/vi\/wp-json\/wp\/v2\/product"}],"about":[{"href":"https:\/\/trode-multiverse.com\/vi\/wp-json\/wp\/v2\/types\/product"}],"replies":[{"embeddable":true,"href":"https:\/\/trode-multiverse.com\/vi\/wp-json\/wp\/v2\/comments?post=13895"}],"wp:featuredmedia":[{"embeddable":true,"href":"https:\/\/trode-multiverse.com\/vi\/wp-json\/wp\/v2\/media\/15062"}],"wp:attachment":[{"href":"https:\/\/trode-multiverse.com\/vi\/wp-json\/wp\/v2\/media?parent=13895"}],"wp:term":[{"taxonomy":"product_brand","embeddable":true,"href":"https:\/\/trode-multiverse.com\/vi\/wp-json\/wp\/v2\/product_brand?post=13895"},{"taxonomy":"product_cat","embeddable":true,"href":"https:\/\/trode-multiverse.com\/vi\/wp-json\/wp\/v2\/product_cat?post=13895"},{"taxonomy":"product_tag","embeddable":true,"href":"https:\/\/trode-multiverse.com\/vi\/wp-json\/wp\/v2\/product_tag?post=13895"}],"curies":[{"name":"wp","href":"https:\/\/api.w.org\/{rel}","templated":true}]}}