{"id":13861,"date":"2025-07-18T13:24:27","date_gmt":"2025-07-18T13:24:27","guid":{"rendered":"https:\/\/trode-multiverse.com\/?post_type=product&#038;p=13861"},"modified":"2026-04-02T05:41:11","modified_gmt":"2026-04-02T05:41:11","slug":"side-button-cami-top","status":"publish","type":"product","link":"https:\/\/trode-multiverse.com\/vi\/san-pham\/side-button-cami-top\/","title":{"rendered":"Side Button Cami Top &#8211; White"},"content":{"rendered":"<p class=\"cvGsUA direction-ltr align-start para-style-body\"><span class=\"a_GcMg font-feature-liga-off font-feature-clig-off font-feature-calt-off text-decoration-none text-strikethrough-none\">- CH\u1ea4T LI\u1ec6U: THUN G\u00c2N COTTON 100% CO GI\u00c3N 4 CHI\u1ec0U<\/span><\/p>\n<p class=\"cvGsUA direction-ltr align-start para-style-body\"><span class=\"a_GcMg font-feature-liga-off font-feature-clig-off font-feature-calt-off text-decoration-none text-strikethrough-none\">- M\u00c0U S\u1eaeC: TR\u1eaeNG \/ XANH MATCHA<\/span><\/p>\n<p class=\"cvGsUA direction-ltr align-start para-style-body\"><span class=\"a_GcMg font-feature-liga-off font-feature-clig-off font-feature-calt-off text-decoration-none text-strikethrough-none\">&#8211; Form: Slim Fit<\/span><\/p>\n<p class=\"cvGsUA direction-ltr align-start para-style-body\"><span class=\"a_GcMg font-feature-liga-off font-feature-clig-off font-feature-calt-off text-decoration-none text-strikethrough-none\">CHI TI\u1ebeT:<br \/>\n- CH\u1eee TH\u00caU 2d NGAY NG\u1ef0C TR\u00c1I V\u00c0 TH\u00c2N SAU<\/span><\/p>\n<p class=\"cvGsUA direction-ltr align-start para-style-body\"><span class=\"a_GcMg font-feature-liga-off font-feature-clig-off font-feature-calt-off text-decoration-none text-strikethrough-none\">- V\u1ea2I COTTON THO\u00c1NG M\u00c1T<\/span><\/p>\n<p class=\"cvGsUA direction-ltr align-start para-style-body\"><span class=\"a_GcMg font-feature-liga-off font-feature-clig-off font-feature-calt-off text-decoration-none text-strikethrough-none\">-  \u0110i\u1ec3m nh\u1ea5n KHO\u00c9T L\u01afNG TH\u00c2N SAU<\/span><\/p>\n<p class=\"cvGsUA direction-ltr align-start para-style-body\"><span class=\"a_GcMg font-feature-liga-off font-feature-clig-off font-feature-calt-off text-decoration-none text-strikethrough-none\">- 3 N\u00daT B\u1ea4M L\u1ec6CH 1 B\u00caN<\/span><\/p>\n<p class=\"cvGsUA direction-ltr align-start para-style-body\"><span class=\"a_GcMg font-feature-liga-off font-feature-clig-off font-feature-calt-off text-decoration-none text-strikethrough-none\">- \u0110\u01af\u1edcNG R\u00c3 CH\u1ea0Y NGANG NG\u1ef0C<\/span><\/p>\n<p class=\"cvGsUA direction-ltr align-start para-style-body\"><span class=\"a_GcMg font-feature-liga-off font-feature-clig-off font-feature-calt-off text-decoration-none text-strikethrough-none\">M\u00e0u s\u1eafc s\u1ea3n ph\u1ea9m c\u00f3 th\u1ec3 kh\u00e1c tr\u00ean \u1ea3nh do \u0111i\u1ec1u ki\u1ec7n \u00e1nh s\u00e1ng khi ch\u1ee5p.<\/span><\/p>","protected":false},"excerpt":{"rendered":"<p><a href=\"https:\/\/trode-multiverse.com\/wp-content\/uploads\/2025\/07\/AO-2-DAY.png\"><img fetchpriority=\"high\" decoding=\"async\" class=\"alignnone wp-image-14918 size-full\" src=\"https:\/\/trode-multiverse.com\/wp-content\/uploads\/2025\/07\/AO-2-DAY.png\" alt=\"\" width=\"2000\" height=\"1125\" srcset=\"https:\/\/trode-multiverse.com\/wp-content\/uploads\/2025\/07\/AO-2-DAY.png 2000w, https:\/\/trode-multiverse.com\/wp-content\/uploads\/2025\/07\/AO-2-DAY-300x169.png 300w, https:\/\/trode-multiverse.com\/wp-content\/uploads\/2025\/07\/AO-2-DAY-1024x576.png 1024w, https:\/\/trode-multiverse.com\/wp-content\/uploads\/2025\/07\/AO-2-DAY-768x432.png 768w, https:\/\/trode-multiverse.com\/wp-content\/uploads\/2025\/07\/AO-2-DAY-1536x864.png 1536w, https:\/\/trode-multiverse.com\/wp-content\/uploads\/2025\/07\/AO-2-DAY-18x10.png 18w, https:\/\/trode-multiverse.com\/wp-content\/uploads\/2025\/07\/AO-2-DAY-600x338.png 600w, https:\/\/trode-multiverse.com\/wp-content\/uploads\/2025\/07\/AO-2-DAY-64x36.png 64w\" sizes=\"(max-width: 2000px) 100vw, 2000px\" \/><\/a><\/p>","protected":false},"featured_media":15057,"comment_status":"open","ping_status":"closed","template":"","meta":[],"product_brand":[],"product_cat":[257,273,67],"product_tag":[],"class_list":{"0":"post-13861","1":"product","2":"type-product","3":"status-publish","4":"has-post-thumbnail","6":"product_cat-cami","7":"product_cat-dear-humans","8":"product_cat-top","9":"pa_color-matcha","10":"pa_color-white","11":"pa_size-m","12":"pa_size-s","14":"first","15":"instock","16":"sale","17":"taxable","18":"shipping-taxable","19":"purchasable","20":"product-type-variable"},"_links":{"self":[{"href":"https:\/\/trode-multiverse.com\/vi\/wp-json\/wp\/v2\/product\/13861","targetHints":{"allow":["GET"]}}],"collection":[{"href":"https:\/\/trode-multiverse.com\/vi\/wp-json\/wp\/v2\/product"}],"about":[{"href":"https:\/\/trode-multiverse.com\/vi\/wp-json\/wp\/v2\/types\/product"}],"replies":[{"embeddable":true,"href":"https:\/\/trode-multiverse.com\/vi\/wp-json\/wp\/v2\/comments?post=13861"}],"wp:featuredmedia":[{"embeddable":true,"href":"https:\/\/trode-multiverse.com\/vi\/wp-json\/wp\/v2\/media\/15057"}],"wp:attachment":[{"href":"https:\/\/trode-multiverse.com\/vi\/wp-json\/wp\/v2\/media?parent=13861"}],"wp:term":[{"taxonomy":"product_brand","embeddable":true,"href":"https:\/\/trode-multiverse.com\/vi\/wp-json\/wp\/v2\/product_brand?post=13861"},{"taxonomy":"product_cat","embeddable":true,"href":"https:\/\/trode-multiverse.com\/vi\/wp-json\/wp\/v2\/product_cat?post=13861"},{"taxonomy":"product_tag","embeddable":true,"href":"https:\/\/trode-multiverse.com\/vi\/wp-json\/wp\/v2\/product_tag?post=13861"}],"curies":[{"name":"wp","href":"https:\/\/api.w.org\/{rel}","templated":true}]}}