{"id":15154,"date":"2025-08-30T13:48:20","date_gmt":"2025-08-30T13:48:20","guid":{"rendered":"https:\/\/trode-multiverse.com\/?page_id=15154"},"modified":"2025-08-30T14:02:10","modified_gmt":"2025-08-30T14:02:10","slug":"on-01","status":"publish","type":"page","link":"https:\/\/trode-multiverse.com\/vi\/on-01\/","title":{"rendered":"on 01"},"content":{"rendered":"<div data-elementor-type=\"wp-page\" data-elementor-id=\"15154\" class=\"elementor elementor-15154\" data-elementor-post-type=\"page\">\n\t\t\t\t<div class=\"elementor-element elementor-element-f92b53f e-con-full e-flex wpr-particle-no wpr-jarallax-no wpr-parallax-no wpr-sticky-section-no e-con e-parent\" data-id=\"f92b53f\" data-element_type=\"container\">\n\t\t\t\t<div class=\"elementor-element elementor-element-9b78342 elementor-widget elementor-widget-heading\" data-id=\"9b78342\" data-element_type=\"widget\" data-widget_type=\"heading.default\">\n\t\t\t\t\t<h2 class=\"elementor-heading-title elementor-size-default\">On  01 COllection<\/h2>\t\t\t\t<\/div>\n\t\t\t\t<\/div>\n\t\t<div class=\"elementor-element elementor-element-97a1c57 e-con-full elementor-hidden-desktop elementor-hidden-laptop elementor-hidden-tablet e-flex wpr-particle-no wpr-jarallax-no wpr-parallax-no wpr-sticky-section-no e-con e-parent\" data-id=\"97a1c57\" data-element_type=\"container\" data-settings=\"{&quot;background_background&quot;:&quot;classic&quot;}\">\n\t\t\t\t<div class=\"elementor-element elementor-element-33cd08d elementor-align-center elementor-mobile-align-right elementor-widget elementor-widget-button\" data-id=\"33cd08d\" data-element_type=\"widget\" data-widget_type=\"button.default\">\n\t\t\t\t\t\t\t\t\t\t<a class=\"elementor-button elementor-button-link elementor-size-sm\" href=\"https:\/\/trode-multiverse.com\/vi\/on-01\/\">\n\t\t\t\t\t\t<span class=\"elementor-button-content-wrapper\">\n\t\t\t\t\t\t\t\t\t<span class=\"elementor-button-text\">Mua Ngay<\/span>\n\t\t\t\t\t<\/span>\n\t\t\t\t\t<\/a>\n\t\t\t\t\t\t\t\t<\/div>\n\t\t\t\t<\/div>\n\t\t<div class=\"elementor-element elementor-element-b56607c e-con-full e-flex wpr-particle-no wpr-jarallax-no wpr-parallax-no wpr-sticky-section-no e-con e-parent\" data-id=\"b56607c\" data-element_type=\"container\">\n\t\t\t\t<div class=\"elementor-element elementor-element-9c5e09c elementor-widget elementor-widget-shortcode\" data-id=\"9c5e09c\" data-element_type=\"widget\" data-widget_type=\"shortcode.default\">\n\t\t\t\t\t\t\t<div class=\"elementor-shortcode\"><div class=\"woocommerce columns-4\"><div class=\"woocommerce-notices-wrapper\"><\/div>    <div class=\"custom-toolbar-ui-v3\" style=\"display: flex; justify-content: space-between; align-items: center; margin-bottom: 10px;\">\n        <!-- SORT toggle -->\n        <div id=\"sort-toggle\" style=\"display: flex; align-items: center; cursor: pointer;\">\n            <span style=\"display: inline-flex; align-items: center; margin-right: 6px;\">\n                <svg width=\"18\" height=\"18\" viewbox=\"0 0 24 24\" fill=\"none\" stroke=\"black\" stroke-width=\"2\" stroke-linecap=\"round\" stroke-linejoin=\"round\">\n                    <line x1=\"3\" y1=\"6\" x2=\"21\" y2=\"6\" \/>\n                    <line x1=\"3\" y1=\"12\" x2=\"15\" y2=\"12\" \/>\n                    <line x1=\"3\" y1=\"18\" x2=\"9\" y2=\"18\" \/>\n                    <circle cx=\"21\" cy=\"6\" r=\"2\" \/>\n                    <circle cx=\"15\" cy=\"12\" r=\"2\" \/>\n                    <circle cx=\"9\" cy=\"18\" r=\"2\" \/>\n                <\/svg>\n            <\/span>\n            <span style=\"font-family: 'Archivo', sans-serif; font-weight: 400;\">SORT<\/span>\n        <\/div>\n\n        <!-- ITEMS -->\n        <div class=\"custom-items-count\" style=\"font-family: 'Archivo', sans-serif; font-weight: 400;\">\n            5 ITEMS\n        <\/div>\n    <\/div>\n\n    <!-- Sort Options -->\n    <div id=\"sort-options\" style=\"display: none; margin-bottom: 20px; font-family: 'Archivo', sans-serif; font-weight: 400;\">\n        <div style=\"margin: 4px 0;\"><a href=\"\/vi\/wp-json\/wp\/v2\/pages\/15154?orderby=menu_order\" style=\"text-decoration: none; color: #000;\" data-no-translation=\"\" data-trp-gettext=\"\">Th\u1ee9 t\u1ef1 m\u1eb7c \u0111\u1ecbnh<\/a><\/div><div style=\"margin: 4px 0;\"><a href=\"\/vi\/wp-json\/wp\/v2\/pages\/15154?orderby=popularity\" style=\"text-decoration: none; color: #000;\" data-no-translation=\"\" data-trp-gettext=\"\">Th\u1ee9 t\u1ef1 theo m\u1ee9c \u0111\u1ed9 ph\u1ed5 bi\u1ebfn<\/a><\/div><div style=\"margin: 4px 0;\"><a href=\"\/vi\/wp-json\/wp\/v2\/pages\/15154?orderby=rating\" style=\"text-decoration: none; color: #000;\" data-no-translation=\"\" data-trp-gettext=\"\">Th\u1ee9 t\u1ef1 theo \u0111i\u1ec3m \u0111\u00e1nh gi\u00e1<\/a><\/div><div style=\"margin: 4px 0;\"><a href=\"\/vi\/wp-json\/wp\/v2\/pages\/15154?orderby=date\" style=\"text-decoration: none; color: #000;\" data-no-translation=\"\" data-trp-gettext=\"\">M\u1edbi nh\u1ea5t<\/a><\/div><div style=\"margin: 4px 0;\"><a href=\"\/vi\/wp-json\/wp\/v2\/pages\/15154?orderby=price\" style=\"text-decoration: none; color: #000;\" data-no-translation=\"\" data-trp-gettext=\"\">Th\u1ee9 t\u1ef1 theo gi\u00e1: th\u1ea5p \u0111\u1ebfn cao<\/a><\/div><div style=\"margin: 4px 0;\"><a href=\"\/vi\/wp-json\/wp\/v2\/pages\/15154?orderby=price-desc\" style=\"text-decoration: none; color: #000;\" data-no-translation=\"\" data-trp-gettext=\"\">Th\u1ee9 t\u1ef1 theo gi\u00e1: cao xu\u1ed1ng th\u1ea5p<\/a><\/div>    <\/div>\n\n    <style>\n        .custom-toolbar-ui-v3 {\n            padding-left: 30px;\n            padding-right: 30px;\n        }\n        @media (max-width: 767px) {\n            .custom-toolbar-ui-v3 {\n                padding-left: 10px;\n                padding-right: 10px;\n            }\n        }\n        .custom-toolbar-ui-v3 span,\n        .custom-items-count,\n        #sort-options {\n            font-family: 'Archivo', sans-serif;\n            font-weight: 400;\n            font-size: 12px;\n        }\n        @media (max-width: 767px) {\n            .custom-toolbar-ui-v3 span,\n            .custom-items-count,\n            #sort-options {\n                font-size: 10px;\n            }\n        }\n        .woof_products_top_panel {\n            display: none !important;\n        }\n    <\/style>\n\n    <script>\n        document.addEventListener('DOMContentLoaded', function () {\n            const toggle = document.getElementById('sort-toggle');\n            const options = document.getElementById('sort-options');\n            toggle.addEventListener('click', function () {\n                options.style.display = options.style.display === 'none' ? 'block' : 'none';\n            });\n        });\n    <\/script>\n    <ul class=\"products columns-4\">\n<li class=\"product type-product post-14989 status-publish first instock product_cat-collection-01 product_cat-tank-top product_cat-top product_tag-274 has-post-thumbnail taxable shipping-taxable purchasable product-type-variable\">\n\t<div style=\"\" id=\"ws247-piew-product-14989\" class=\"ws247-piew-hover\"><a href=\"https:\/\/trode-multiverse.com\/vi\/san-pham\/pleated-back-tanktop\/\" class=\"woocommerce-LoopProduct-link woocommerce-loop-product__link\"><div class=\"ws247-piew-imgs-container\"><img fetchpriority=\"high\" decoding=\"async\" width=\"2000\" height=\"2500\" src=\"https:\/\/trode-multiverse.com\/wp-content\/uploads\/2025\/08\/18-1.jpg\" class=\"attachment-woocommerce_thumbnail size-woocommerce_thumbnail\" alt=\"PLEATED BACK TANKTOP\" \/><img decoding=\"async\" src=\"https:\/\/trode-multiverse.com\/wp-content\/uploads\/2025\/08\/19-1.jpg\" alt=\"PLEATED BACK TANKTOP\" class=\"ws-hover-img\" \/><\/div><!-- .ws247-piew-imgs-container --><h2 class=\"woocommerce-loop-product__title\">\u00c1O BA L\u1ed6 X\u1ebeP LY<\/h2>\n\t<span class=\"price\"><span class=\"wcpbc-price wcpbc-price-14989\" data-product-id=\"14989\"><span class=\"woocommerce-Price-amount amount\"><bdi>380.000&nbsp;<span class=\"woocommerce-Price-currencySymbol\">&#8363;<\/span><\/bdi><\/span><\/span><\/span>\n<\/a><a href=\"https:\/\/trode-multiverse.com\/vi\/san-pham\/pleated-back-tanktop\/\" aria-describedby=\"woocommerce_loop_add_to_cart_link_describedby_14989\" data-quantity=\"1\" class=\"button product_type_variable add_to_cart_button cfvsw_ajax_add_to_cart ws247_piew_atc\" data-product_id=\"14989\" data-product_sku=\"\" aria-label=\"L\u1ef1a ch\u1ecdn cho \u201cPLEATED BACK TANKTOP\u201d\" rel=\"nofollow\" data-add_to_cart_text=\"Add to Cart\" data-select_options_text=\"L\u1ef1a ch\u1ecdn t\u00f9y ch\u1ecdn\" data-no-translation=\"\" data-trp-gettext=\"\" data-no-translation-aria-label=\"\" data-no-translation-data-select_options_text=\"\">L\u1ef1a ch\u1ecdn t\u00f9y ch\u1ecdn<\/a>\t<span id=\"woocommerce_loop_add_to_cart_link_describedby_14989\" class=\"screen-reader-text\">\n\t\tS\u1ea3n ph\u1ea9m n\u00e0y c\u00f3 nhi\u1ec1u bi\u1ebfn th\u1ec3. C\u00e1c t\u00f9y ch\u1ecdn c\u00f3 th\u1ec3 \u0111\u01b0\u1ee3c ch\u1ecdn tr\u00ean trang s\u1ea3n ph\u1ea9m\t<\/span>\n<\/div><\/li>\n<li class=\"product type-product post-14975 status-publish instock product_cat-collection-01 product_cat-new-arrivals product_cat-shirt product_cat-top has-post-thumbnail sale taxable shipping-taxable purchasable product-type-variable\">\n\t<div style=\"\" id=\"ws247-piew-product-14975\" class=\"ws247-piew-hover\"><a href=\"https:\/\/trode-multiverse.com\/vi\/san-pham\/pocket-cut-out-short-sleeve-shirt\/\" class=\"woocommerce-LoopProduct-link woocommerce-loop-product__link\"><div class=\"ws247-piew-imgs-container\">\n\t<span class=\"onsale\" data-no-translation=\"\" data-trp-gettext=\"\">Gi\u1ea3m gi\u00e1!<\/span>\n\t<img decoding=\"async\" width=\"2000\" height=\"2500\" src=\"https:\/\/trode-multiverse.com\/wp-content\/uploads\/2025\/08\/35-1.jpg\" class=\"attachment-woocommerce_thumbnail size-woocommerce_thumbnail\" alt=\"POCKET CUT-OUT SHORT SLEEVE SHIRT\" \/><img decoding=\"async\" src=\"https:\/\/trode-multiverse.com\/wp-content\/uploads\/2025\/08\/36-1.jpg\" alt=\"POCKET CUT-OUT SHORT SLEEVE SHIRT\" class=\"ws-hover-img\" \/><\/div><!-- .ws247-piew-imgs-container --><h2 class=\"woocommerce-loop-product__title\">\u00c1O S\u01a0 MI NG\u1eaeN TAY T\u00daI CUT-OUT<\/h2>\n\t<span class=\"price\"><span class=\"wcpbc-price wcpbc-price-14975\" data-product-id=\"14975\"><del aria-hidden=\"true\"><span class=\"woocommerce-Price-amount amount\"><bdi>450.000&nbsp;<span class=\"woocommerce-Price-currencySymbol\">&#8363;<\/span><\/bdi><\/span><\/del> <span class=\"screen-reader-text\" data-no-translation=\"\" data-trp-gettext=\"\">Gi\u00e1 g\u1ed1c l\u00e0: 450.000&nbsp;&#8363;.<\/span><ins aria-hidden=\"true\"><span class=\"woocommerce-Price-amount amount\"><bdi>419.000&nbsp;<span class=\"woocommerce-Price-currencySymbol\">&#8363;<\/span><\/bdi><\/span><\/ins><span class=\"screen-reader-text\" data-no-translation=\"\" data-trp-gettext=\"\">Gi\u00e1 hi\u1ec7n t\u1ea1i l\u00e0: 419.000&nbsp;&#8363;.<\/span><\/span><\/span>\n<\/a><a href=\"https:\/\/trode-multiverse.com\/vi\/san-pham\/pocket-cut-out-short-sleeve-shirt\/\" aria-describedby=\"woocommerce_loop_add_to_cart_link_describedby_14975\" data-quantity=\"1\" class=\"button product_type_variable add_to_cart_button cfvsw_ajax_add_to_cart ws247_piew_atc\" data-product_id=\"14975\" data-product_sku=\"\" aria-label=\"L\u1ef1a ch\u1ecdn cho \u201cPOCKET CUT-OUT SHORT SLEEVE SHIRT\u201d\" rel=\"nofollow\" data-add_to_cart_text=\"Add to Cart\" data-select_options_text=\"L\u1ef1a ch\u1ecdn t\u00f9y ch\u1ecdn\" data-no-translation=\"\" data-trp-gettext=\"\" data-no-translation-aria-label=\"\" data-no-translation-data-select_options_text=\"\">L\u1ef1a ch\u1ecdn t\u00f9y ch\u1ecdn<\/a>\t<span id=\"woocommerce_loop_add_to_cart_link_describedby_14975\" class=\"screen-reader-text\">\n\t\tS\u1ea3n ph\u1ea9m n\u00e0y c\u00f3 nhi\u1ec1u bi\u1ebfn th\u1ec3. C\u00e1c t\u00f9y ch\u1ecdn c\u00f3 th\u1ec3 \u0111\u01b0\u1ee3c ch\u1ecdn tr\u00ean trang s\u1ea3n ph\u1ea9m\t<\/span>\n<\/div><\/li>\n<li class=\"product type-product post-14983 status-publish instock product_cat-collection-01 product_cat-new-arrivals product_cat-top has-post-thumbnail sale taxable shipping-taxable purchasable product-type-variable\">\n\t<div style=\"\" id=\"ws247-piew-product-14983\" class=\"ws247-piew-hover\"><a href=\"https:\/\/trode-multiverse.com\/vi\/san-pham\/on-01-varsity-jacket\/\" class=\"woocommerce-LoopProduct-link woocommerce-loop-product__link\"><div class=\"ws247-piew-imgs-container\">\n\t<span class=\"onsale\" data-no-translation=\"\" data-trp-gettext=\"\">Gi\u1ea3m gi\u00e1!<\/span>\n\t<img decoding=\"async\" width=\"2000\" height=\"2500\" src=\"https:\/\/trode-multiverse.com\/wp-content\/uploads\/2025\/08\/33-1.jpg\" class=\"attachment-woocommerce_thumbnail size-woocommerce_thumbnail\" alt=\"ON 01 VARSITY JACKET\" \/><img decoding=\"async\" src=\"https:\/\/trode-multiverse.com\/wp-content\/uploads\/2025\/08\/32-2.jpg\" alt=\"ON 01 VARSITY JACKET\" class=\"ws-hover-img\" \/><\/div><!-- .ws247-piew-imgs-container --><h2 class=\"woocommerce-loop-product__title\">\u00c1O KHO\u00c1C VARSITY TRODE ON 01<\/h2>\n\t<span class=\"price\"><span class=\"wcpbc-price wcpbc-price-14983\" data-product-id=\"14983\"><del aria-hidden=\"true\"><span class=\"woocommerce-Price-amount amount\"><bdi>1.100.000&nbsp;<span class=\"woocommerce-Price-currencySymbol\">&#8363;<\/span><\/bdi><\/span><\/del> <span class=\"screen-reader-text\" data-no-translation=\"\" data-trp-gettext=\"\">Gi\u00e1 g\u1ed1c l\u00e0: 1.100.000&nbsp;&#8363;.<\/span><ins aria-hidden=\"true\"><span class=\"woocommerce-Price-amount amount\"><bdi>989.000&nbsp;<span class=\"woocommerce-Price-currencySymbol\">&#8363;<\/span><\/bdi><\/span><\/ins><span class=\"screen-reader-text\" data-no-translation=\"\" data-trp-gettext=\"\">Gi\u00e1 hi\u1ec7n t\u1ea1i l\u00e0: 989.000&nbsp;&#8363;.<\/span><\/span><\/span>\n<\/a><a href=\"https:\/\/trode-multiverse.com\/vi\/san-pham\/on-01-varsity-jacket\/\" aria-describedby=\"woocommerce_loop_add_to_cart_link_describedby_14983\" data-quantity=\"1\" class=\"button product_type_variable add_to_cart_button cfvsw_ajax_add_to_cart ws247_piew_atc\" data-product_id=\"14983\" data-product_sku=\"\" aria-label=\"L\u1ef1a ch\u1ecdn cho \u201cON 01 VARSITY JACKET\u201d\" rel=\"nofollow\" data-add_to_cart_text=\"Add to Cart\" data-select_options_text=\"L\u1ef1a ch\u1ecdn t\u00f9y ch\u1ecdn\" data-no-translation=\"\" data-trp-gettext=\"\" data-no-translation-aria-label=\"\" data-no-translation-data-select_options_text=\"\">L\u1ef1a ch\u1ecdn t\u00f9y ch\u1ecdn<\/a>\t<span id=\"woocommerce_loop_add_to_cart_link_describedby_14983\" class=\"screen-reader-text\">\n\t\tS\u1ea3n ph\u1ea9m n\u00e0y c\u00f3 nhi\u1ec1u bi\u1ebfn th\u1ec3. C\u00e1c t\u00f9y ch\u1ecdn c\u00f3 th\u1ec3 \u0111\u01b0\u1ee3c ch\u1ecdn tr\u00ean trang s\u1ea3n ph\u1ea9m\t<\/span>\n<\/div><\/li>\n<li class=\"product type-product post-14979 status-publish last instock product_cat-collection-01 product_cat-hoodie product_cat-new-arrivals product_cat-top has-post-thumbnail taxable shipping-taxable purchasable product-type-variable\">\n\t<div style=\"\" id=\"ws247-piew-product-14979\" class=\"ws247-piew-hover\"><a href=\"https:\/\/trode-multiverse.com\/vi\/san-pham\/embroidered-logo-zip-up-hoodie\/\" class=\"woocommerce-LoopProduct-link woocommerce-loop-product__link\"><div class=\"ws247-piew-imgs-container\"><img loading=\"lazy\" decoding=\"async\" width=\"2000\" height=\"2500\" src=\"https:\/\/trode-multiverse.com\/wp-content\/uploads\/2025\/08\/NEW.jpg\" class=\"attachment-woocommerce_thumbnail size-woocommerce_thumbnail\" alt=\"EMBROIDERED LOGO ZIP-UP HOODIE\" \/><img decoding=\"async\" src=\"https:\/\/trode-multiverse.com\/wp-content\/uploads\/2025\/08\/11.jpg\" alt=\"EMBROIDERED LOGO ZIP-UP HOODIE\" class=\"ws-hover-img\" \/><\/div><!-- .ws247-piew-imgs-container --><h2 class=\"woocommerce-loop-product__title\">\u00c1O HOODIE KHO\u00c1 K\u00c9O TH\u00caU LOGO<\/h2>\n\t<span class=\"price\"><span class=\"wcpbc-price wcpbc-price-14979\" data-product-id=\"14979\"><span class=\"woocommerce-Price-amount amount\"><bdi>680.000&nbsp;<span class=\"woocommerce-Price-currencySymbol\">&#8363;<\/span><\/bdi><\/span><\/span><\/span>\n<\/a><a href=\"https:\/\/trode-multiverse.com\/vi\/san-pham\/embroidered-logo-zip-up-hoodie\/\" aria-describedby=\"woocommerce_loop_add_to_cart_link_describedby_14979\" data-quantity=\"1\" class=\"button product_type_variable add_to_cart_button cfvsw_ajax_add_to_cart ws247_piew_atc\" data-product_id=\"14979\" data-product_sku=\"\" aria-label=\"L\u1ef1a ch\u1ecdn cho \u201cEMBROIDERED LOGO ZIP-UP HOODIE\u201d\" rel=\"nofollow\" data-add_to_cart_text=\"Add to Cart\" data-select_options_text=\"L\u1ef1a ch\u1ecdn t\u00f9y ch\u1ecdn\" data-no-translation=\"\" data-trp-gettext=\"\" data-no-translation-aria-label=\"\" data-no-translation-data-select_options_text=\"\">L\u1ef1a ch\u1ecdn t\u00f9y ch\u1ecdn<\/a>\t<span id=\"woocommerce_loop_add_to_cart_link_describedby_14979\" class=\"screen-reader-text\">\n\t\tS\u1ea3n ph\u1ea9m n\u00e0y c\u00f3 nhi\u1ec1u bi\u1ebfn th\u1ec3. C\u00e1c t\u00f9y ch\u1ecdn c\u00f3 th\u1ec3 \u0111\u01b0\u1ee3c ch\u1ecdn tr\u00ean trang s\u1ea3n ph\u1ea9m\t<\/span>\n<\/div><\/li>\n<li class=\"product type-product post-14988 status-publish first instock product_cat-bottom product_cat-collection-01 product_cat-new-arrivals product_cat-pants has-post-thumbnail sale taxable shipping-taxable purchasable product-type-variable\">\n\t<div style=\"\" id=\"ws247-piew-product-14988\" class=\"ws247-piew-hover\"><a href=\"https:\/\/trode-multiverse.com\/vi\/san-pham\/jeat-pants\/\" class=\"woocommerce-LoopProduct-link woocommerce-loop-product__link\"><div class=\"ws247-piew-imgs-container\">\n\t<span class=\"onsale\" data-no-translation=\"\" data-trp-gettext=\"\">Gi\u1ea3m gi\u00e1!<\/span>\n\t<img loading=\"lazy\" decoding=\"async\" width=\"2000\" height=\"2500\" src=\"https:\/\/trode-multiverse.com\/wp-content\/uploads\/2025\/08\/THAY.jpg\" class=\"attachment-woocommerce_thumbnail size-woocommerce_thumbnail\" alt=\"JEAT PANTS\" \/><img decoding=\"async\" src=\"https:\/\/trode-multiverse.com\/wp-content\/uploads\/2025\/08\/20.jpg\" alt=\"JEAT PANTS\" class=\"ws-hover-img\" \/><\/div><!-- .ws247-piew-imgs-container --><h2 class=\"woocommerce-loop-product__title\">QU\u1ea6N N\u1ec8 JEAT<\/h2>\n\t<span class=\"price\"><span class=\"wcpbc-price wcpbc-price-14988\" data-product-id=\"14988\"><del aria-hidden=\"true\"><span class=\"woocommerce-Price-amount amount\"><bdi>695.000&nbsp;<span class=\"woocommerce-Price-currencySymbol\">&#8363;<\/span><\/bdi><\/span><\/del> <span class=\"screen-reader-text\" data-no-translation=\"\" data-trp-gettext=\"\">Gi\u00e1 g\u1ed1c l\u00e0: 695.000&nbsp;&#8363;.<\/span><ins aria-hidden=\"true\"><span class=\"woocommerce-Price-amount amount\"><bdi>649.000&nbsp;<span class=\"woocommerce-Price-currencySymbol\">&#8363;<\/span><\/bdi><\/span><\/ins><span class=\"screen-reader-text\" data-no-translation=\"\" data-trp-gettext=\"\">Gi\u00e1 hi\u1ec7n t\u1ea1i l\u00e0: 649.000&nbsp;&#8363;.<\/span><\/span><\/span>\n<\/a><a href=\"https:\/\/trode-multiverse.com\/vi\/san-pham\/jeat-pants\/\" aria-describedby=\"woocommerce_loop_add_to_cart_link_describedby_14988\" data-quantity=\"1\" class=\"button product_type_variable add_to_cart_button cfvsw_ajax_add_to_cart ws247_piew_atc\" data-product_id=\"14988\" data-product_sku=\"\" aria-label=\"L\u1ef1a ch\u1ecdn cho \u201cJEAT PANTS\u201d\" rel=\"nofollow\" data-add_to_cart_text=\"Add to Cart\" data-select_options_text=\"L\u1ef1a ch\u1ecdn t\u00f9y ch\u1ecdn\" data-no-translation=\"\" data-trp-gettext=\"\" data-no-translation-aria-label=\"\" data-no-translation-data-select_options_text=\"\">L\u1ef1a ch\u1ecdn t\u00f9y ch\u1ecdn<\/a>\t<span id=\"woocommerce_loop_add_to_cart_link_describedby_14988\" class=\"screen-reader-text\">\n\t\tS\u1ea3n ph\u1ea9m n\u00e0y c\u00f3 nhi\u1ec1u bi\u1ebfn th\u1ec3. C\u00e1c t\u00f9y ch\u1ecdn c\u00f3 th\u1ec3 \u0111\u01b0\u1ee3c ch\u1ecdn tr\u00ean trang s\u1ea3n ph\u1ea9m\t<\/span>\n<\/div><\/li>\n<\/ul>\n<\/div>\n<\/div>\n\t\t\t\t\t\t<\/div>\n\t\t\t\t<\/div>\n\t\t\t\t<\/div>","protected":false},"excerpt":{"rendered":"<p>On 01 COllection Shop Now<\/p>","protected":false},"author":1,"featured_media":0,"parent":0,"menu_order":0,"comment_status":"closed","ping_status":"closed","template":"elementor_canvas","meta":{"footnotes":""},"class_list":["post-15154","page","type-page","status-publish","hentry"],"_hostinger_reach_plugin_has_subscription_block":false,"_hostinger_reach_plugin_is_elementor":false,"_links":{"self":[{"href":"https:\/\/trode-multiverse.com\/vi\/wp-json\/wp\/v2\/pages\/15154","targetHints":{"allow":["GET"]}}],"collection":[{"href":"https:\/\/trode-multiverse.com\/vi\/wp-json\/wp\/v2\/pages"}],"about":[{"href":"https:\/\/trode-multiverse.com\/vi\/wp-json\/wp\/v2\/types\/page"}],"author":[{"embeddable":true,"href":"https:\/\/trode-multiverse.com\/vi\/wp-json\/wp\/v2\/users\/1"}],"replies":[{"embeddable":true,"href":"https:\/\/trode-multiverse.com\/vi\/wp-json\/wp\/v2\/comments?post=15154"}],"version-history":[{"count":13,"href":"https:\/\/trode-multiverse.com\/vi\/wp-json\/wp\/v2\/pages\/15154\/revisions"}],"predecessor-version":[{"id":15181,"href":"https:\/\/trode-multiverse.com\/vi\/wp-json\/wp\/v2\/pages\/15154\/revisions\/15181"}],"wp:attachment":[{"href":"https:\/\/trode-multiverse.com\/vi\/wp-json\/wp\/v2\/media?parent=15154"}],"curies":[{"name":"wp","href":"https:\/\/api.w.org\/{rel}","templated":true}]}}