{"id":14771,"date":"2025-08-21T06:08:44","date_gmt":"2025-08-21T06:08:44","guid":{"rendered":"https:\/\/trode-multiverse.com\/?page_id=14771"},"modified":"2025-08-22T13:32:28","modified_gmt":"2025-08-22T13:32:28","slug":"journey","status":"publish","type":"page","link":"https:\/\/trode-multiverse.com\/vi\/journey\/","title":{"rendered":"Journey"},"content":{"rendered":"<div data-elementor-type=\"wp-page\" data-elementor-id=\"14771\" class=\"elementor elementor-14771\" data-elementor-post-type=\"page\">\n\t\t\t\t<div class=\"elementor-element elementor-element-fc6c13f e-con-full e-flex wpr-particle-no wpr-jarallax-no wpr-parallax-no wpr-sticky-section-no e-con e-parent\" data-id=\"fc6c13f\" data-element_type=\"container\" data-settings=\"{&quot;background_background&quot;:&quot;classic&quot;}\">\n\t\t\t\t<\/div>\n\t\t<div class=\"elementor-element elementor-element-a79571c e-flex e-con-boxed wpr-particle-no wpr-jarallax-no wpr-parallax-no wpr-sticky-section-no e-con e-parent\" data-id=\"a79571c\" data-element_type=\"container\">\n\t\t\t\t\t<div class=\"e-con-inner\">\n\t\t\t\t<div class=\"elementor-element elementor-element-9685ce0 elementor-widget elementor-widget-heading\" data-id=\"9685ce0\" data-element_type=\"widget\" data-widget_type=\"heading.default\">\n\t\t\t\t\t<h2 class=\"elementor-heading-title elementor-size-default\">OUR JOURNEY<\/h2>\t\t\t\t<\/div>\n\t\t\t\t\t<\/div>\n\t\t\t\t<\/div>\n\t\t<div class=\"elementor-element elementor-element-e38b141 e-flex e-con-boxed wpr-particle-no wpr-jarallax-no wpr-parallax-no wpr-sticky-section-no e-con e-parent\" data-id=\"e38b141\" data-element_type=\"container\">\n\t\t\t\t\t<div class=\"e-con-inner\">\n\t\t\t\t<div class=\"elementor-element elementor-element-b1b0fe1 elementor-widget elementor-widget-text-editor\" data-id=\"b1b0fe1\" data-element_type=\"widget\" data-widget_type=\"text-editor.default\">\n\t\t\t\t\t\t\t\t\t<p class=\"cvGsUA direction-ltr align-start para-style-body\"><span class=\"a_GcMg font-feature-liga-off font-feature-clig-off font-feature-calt-off text-decoration-none text-strikethrough-none\">TRODE ra \u0111\u1eddi t\u1eeb tinh th\u1ea7n n\u1ed5i lo\u1ea1n ng\u1ea7m \u2013 kh\u00f4ng c\u1ea7n \u1ed3n \u00e0o nh\u01b0ng \u0111\u1ee7 kh\u00e1c bi\u1ec7t \u0111\u1ec3 t\u1ea1o d\u1ea5u \u1ea5n. V\u1edbi ch\u00fang t\u00f4i, streetwear kh\u00f4ng ch\u1ec9 l\u00e0 nh\u1eefng b\u1ed9 trang ph\u1ee5c \u0111\u1eadm ch\u1ea5t c\u00e1 t\u00ednh \u0111\u01b0\u1eddng ph\u1ed1, m\u00e0 c\u00f2n l\u00e0 m\u1ed9t c\u00e1ch s\u1ed1ng: t\u1ef1 do, g\u1ea7n g\u0169i v\u00e0 lu\u00f4n mang d\u1ea5u \u1ea5n ri\u00eang.<\/span><\/p><p class=\"cvGsUA direction-ltr align-start para-style-body\"><span class=\"a_GcMg font-feature-liga-off font-feature-clig-off font-feature-calt-off text-decoration-none text-strikethrough-none\">Ch\u00fang t\u00f4i tin r\u1eb1ng c\u00e1 t\u00ednh th\u1eadt s\u1ef1 kh\u00f4ng c\u1ea7n h\u00e9t to. TRODE l\u00e0 tuy\u00ean ng\u00f4n c\u1ee7a nh\u1eefng ai ch\u1ecdn \u201cqu\u1eady ng\u1ea7m\u201d, s\u1ed1ng \u0111\u00fang ch\u1ea5t v\u00e0 b\u01b0\u1edbc ch\u1eafc v\u1ec1 ph\u00eda tr\u01b0\u1edbc.<\/span><\/p>\t\t\t\t\t\t\t\t<\/div>\n\t\t\t\t\t<\/div>\n\t\t\t\t<\/div>\n\t\t<div class=\"elementor-element elementor-element-1d7a799 e-flex e-con-boxed wpr-particle-no wpr-jarallax-no wpr-parallax-no wpr-sticky-section-no e-con e-parent\" data-id=\"1d7a799\" data-element_type=\"container\">\n\t\t\t\t\t<div class=\"e-con-inner\">\n\t\t\t\t<div class=\"elementor-element elementor-element-04c7493 elementor-widget elementor-widget-heading\" data-id=\"04c7493\" data-element_type=\"widget\" data-widget_type=\"heading.default\">\n\t\t\t\t\t<h2 class=\"elementor-heading-title elementor-size-default\">OUR VISION<\/h2>\t\t\t\t<\/div>\n\t\t\t\t\t<\/div>\n\t\t\t\t<\/div>\n\t\t<div class=\"elementor-element elementor-element-67fc6ef e-flex e-con-boxed wpr-particle-no wpr-jarallax-no wpr-parallax-no wpr-sticky-section-no e-con e-parent\" data-id=\"67fc6ef\" data-element_type=\"container\">\n\t\t\t\t\t<div class=\"e-con-inner\">\n\t\t\t\t<div class=\"elementor-element elementor-element-a8747c3 elementor-widget elementor-widget-text-editor\" data-id=\"a8747c3\" data-element_type=\"widget\" data-widget_type=\"text-editor.default\">\n\t\t\t\t\t\t\t\t\t<p class=\"cvGsUA direction-ltr align-start para-style-body\"><span class=\"a_GcMg font-feature-liga-off font-feature-clig-off font-feature-calt-off text-decoration-none text-strikethrough-none\">TRODE mu\u1ed1n \u0111\u01b0a streetwear \u0111\u1ebfn g\u1ea7n h\u01a1n v\u1edbi nh\u1ecbp s\u1ed1ng th\u01b0\u1eddng ng\u00e0y c\u1ee7a gi\u1edbi tr\u1ebb \u2013 \u0111\u1ec3 m\u1ed7i thi\u1ebft k\u1ebf v\u1eeba d\u1ec5 \u1ee9ng d\u1ee5ng, d\u1ec5 \u0111\u1ed3ng \u0111i\u1ec7u, v\u1eeba gi\u1eef tr\u1ecdn s\u1ef1 m\u1ea1nh m\u1ebd v\u00e0 quy\u1ebft \u0111o\u00e1n trong DNA \u0111\u01b0\u1eddng ph\u1ed1.<\/span><\/p>\t\t\t\t\t\t\t\t<\/div>\n\t\t\t\t\t<\/div>\n\t\t\t\t<\/div>\n\t\t<div class=\"elementor-element elementor-element-37f9ac8 e-flex e-con-boxed wpr-particle-no wpr-jarallax-no wpr-parallax-no wpr-sticky-section-no e-con e-parent\" data-id=\"37f9ac8\" data-element_type=\"container\">\n\t\t\t\t\t<div class=\"e-con-inner\">\n\t\t\t\t<div class=\"elementor-element elementor-element-8b928a5 elementor-widget elementor-widget-heading\" data-id=\"8b928a5\" data-element_type=\"widget\" data-widget_type=\"heading.default\">\n\t\t\t\t\t<h2 class=\"elementor-heading-title elementor-size-default\">OUR VALUE<\/h2>\t\t\t\t<\/div>\n\t\t\t\t\t<\/div>\n\t\t\t\t<\/div>\n\t\t<div class=\"elementor-element elementor-element-7c09710 e-flex e-con-boxed wpr-particle-no wpr-jarallax-no wpr-parallax-no wpr-sticky-section-no e-con e-parent\" data-id=\"7c09710\" data-element_type=\"container\">\n\t\t\t\t\t<div class=\"e-con-inner\">\n\t\t\t\t<div class=\"elementor-element elementor-element-06f958b elementor-widget elementor-widget-text-editor\" data-id=\"06f958b\" data-element_type=\"widget\" data-widget_type=\"text-editor.default\">\n\t\t\t\t\t\t\t\t\t<p class=\"cvGsUA direction-ltr align-start para-style-body\"><span class=\"a_GcMg font-feature-liga-off font-feature-clig-off font-feature-calt-off text-decoration-none text-strikethrough-none\">Kh\u00f4ng d\u1eebng l\u1ea1i.<\/span><\/p><p class=\"cvGsUA direction-ltr align-start para-style-body\"><span class=\"a_GcMg font-feature-liga-off font-feature-clig-off font-feature-calt-off text-decoration-none text-strikethrough-none\">D\u00e1m kh\u00e1c bi\u1ec7t.<\/span><\/p><p class=\"cvGsUA direction-ltr align-start para-style-body\"><span class=\"a_GcMg font-feature-liga-off font-feature-clig-off font-feature-calt-off text-decoration-none text-strikethrough-none\">Gi\u1eef ch\u1ea5t ri\u00eang.<\/span><\/p>\t\t\t\t\t\t\t\t<\/div>\n\t\t\t\t\t<\/div>\n\t\t\t\t<\/div>\n\t\t\t\t<\/div>","protected":false},"excerpt":{"rendered":"<p>OUR JOURNEY TRODE was born from a silent rebellion \u2014 no noise, just enough edge to stand out. For us, streetwear isn\u2019t about loud fits, it\u2019s a way of life: freedom, realness, and a signature vibe. We believe authenticity doesn\u2019t need to shout. TRODE is the statement for those who choose to rebel in silence, keep it real, and move forward with confidence. OUR VISION TRODE aims to bring streetwear closer to the daily of youth, making every piece easy to wear, easy to vibe with, while keeping the raw energy and fearless spirit of street DNA. OUR VALUE Movement. Instinct. Authenticity.<\/p>","protected":false},"author":1,"featured_media":0,"parent":0,"menu_order":0,"comment_status":"closed","ping_status":"closed","template":"elementor_canvas","meta":{"footnotes":""},"class_list":["post-14771","page","type-page","status-publish","hentry"],"_hostinger_reach_plugin_has_subscription_block":false,"_hostinger_reach_plugin_is_elementor":false,"_links":{"self":[{"href":"https:\/\/trode-multiverse.com\/vi\/wp-json\/wp\/v2\/pages\/14771","targetHints":{"allow":["GET"]}}],"collection":[{"href":"https:\/\/trode-multiverse.com\/vi\/wp-json\/wp\/v2\/pages"}],"about":[{"href":"https:\/\/trode-multiverse.com\/vi\/wp-json\/wp\/v2\/types\/page"}],"author":[{"embeddable":true,"href":"https:\/\/trode-multiverse.com\/vi\/wp-json\/wp\/v2\/users\/1"}],"replies":[{"embeddable":true,"href":"https:\/\/trode-multiverse.com\/vi\/wp-json\/wp\/v2\/comments?post=14771"}],"version-history":[{"count":64,"href":"https:\/\/trode-multiverse.com\/vi\/wp-json\/wp\/v2\/pages\/14771\/revisions"}],"predecessor-version":[{"id":15054,"href":"https:\/\/trode-multiverse.com\/vi\/wp-json\/wp\/v2\/pages\/14771\/revisions\/15054"}],"wp:attachment":[{"href":"https:\/\/trode-multiverse.com\/vi\/wp-json\/wp\/v2\/media?parent=14771"}],"curies":[{"name":"wp","href":"https:\/\/api.w.org\/{rel}","templated":true}]}}