{"id":14558,"date":"2025-08-18T17:59:07","date_gmt":"2025-08-18T17:59:07","guid":{"rendered":"https:\/\/trode-multiverse.com\/?page_id=14558"},"modified":"2025-08-19T07:29:43","modified_gmt":"2025-08-19T07:29:43","slug":"terms","status":"publish","type":"page","link":"https:\/\/trode-multiverse.com\/vi\/terms\/","title":{"rendered":"Terms"},"content":{"rendered":"<div data-elementor-type=\"wp-page\" data-elementor-id=\"14558\" class=\"elementor elementor-14558\" data-elementor-post-type=\"page\">\n\t\t\t\t<div class=\"elementor-element elementor-element-aedd5df e-flex e-con-boxed wpr-particle-no wpr-jarallax-no wpr-parallax-no wpr-sticky-section-no e-con e-parent\" data-id=\"aedd5df\" data-element_type=\"container\">\n\t\t\t\t\t<div class=\"e-con-inner\">\n\t\t\t\t<div class=\"elementor-element elementor-element-88baa75 elementor-widget elementor-widget-heading\" data-id=\"88baa75\" data-element_type=\"widget\" data-widget_type=\"heading.default\">\n\t\t\t\t\t<h2 class=\"elementor-heading-title elementor-size-default\">\u0110I\u1ec0U KHO\u1ea2N D\u1ecaCH V\u1ee4<\/h2>\t\t\t\t<\/div>\n\t\t\t\t\t<\/div>\n\t\t\t\t<\/div>\n\t\t<div class=\"elementor-element elementor-element-16afa46 e-flex e-con-boxed wpr-particle-no wpr-jarallax-no wpr-parallax-no wpr-sticky-section-no e-con e-parent\" data-id=\"16afa46\" data-element_type=\"container\">\n\t\t\t\t\t<div class=\"e-con-inner\">\n\t\t\t\t<div class=\"elementor-element elementor-element-4e972fe elementor-widget elementor-widget-text-editor\" data-id=\"4e972fe\" data-element_type=\"widget\" data-widget_type=\"text-editor.default\">\n\t\t\t\t\t\t\t\t\t<p class=\"cvGsUA direction-ltr align-justify para-style-body\"><strong><span class=\"a_GcMg font-feature-liga-off font-feature-clig-off font-feature-calt-off text-decoration-none text-strikethrough-none\">1. Th\u00f4ng tin s\u1ea3n ph\u1ea9m<\/span><\/strong><\/p><ul><li><span class=\"a_GcMg font-feature-liga-off font-feature-clig-off font-feature-calt-off text-decoration-none text-strikethrough-none\">Th\u00f4ng tin v\u1ec1 t\u1eebng s\u1ea3n ph\u1ea9m (bao g\u1ed3m h\u00ecnh \u1ea3nh, video, t\u00ean th\u01b0\u01a1ng hi\u1ec7u, nh\u00e3n hi\u1ec7u) tr\u00ean website www.trode.vn ch\u1ec9 mang t\u00ednh tham kh\u1ea3o.<\/span><\/li><li><span class=\"a_GcMg font-feature-liga-off font-feature-clig-off font-feature-calt-off text-decoration-none text-strikethrough-none\">M\u00e0u s\u1eafc s\u1ea3n ph\u1ea9m th\u1ef1c t\u1ebf c\u00f3 th\u1ec3 ch\u00eanh l\u1ec7ch nh\u1eb9 so v\u1edbi h\u00ecnh \u1ea3nh ho\u1eb7c video do \u00e1nh s\u00e1ng ch\u1ee5p, thi\u1ebft b\u1ecb hi\u1ec3n th\u1ecb v\u00e0 \u0111i\u1ec1u ki\u1ec7n m\u00f4i tr\u01b0\u1eddng. TRODE lu\u00f4n c\u1ed1 g\u1eafng th\u1ec3 hi\u1ec7n s\u1ea3n ph\u1ea9m g\u1ea7n nh\u1ea5t v\u1edbi th\u1ef1c t\u1ebf.<\/span><\/li><li><span class=\"a_GcMg font-feature-liga-off font-feature-clig-off font-feature-calt-off text-decoration-none text-strikethrough-none\">B\u1ea3ng size tr\u00ean website ch\u1ec9 mang t\u00ednh ch\u1ec9 d\u1eabn, c\u00f3 th\u1ec3 ch\u00eanh l\u1ec7ch kho\u1ea3ng 1\u20132 cm t\u00f9y v\u00e0o ch\u1ea5t li\u1ec7u v\u00e0 form d\u00e1ng.<\/span><\/li><\/ul><p class=\"cvGsUA direction-ltr align-justify para-style-body\"><strong><span class=\"a_GcMg font-feature-liga-off font-feature-clig-off font-feature-calt-off text-decoration-none text-strikethrough-none\">2. Th\u00f4ng tin tr\u01b0\u1edbc khi mua h\u00e0ng<\/span><\/strong><\/p><ul><li><span class=\"a_GcMg font-feature-liga-off font-feature-clig-off font-feature-calt-off text-decoration-none text-strikethrough-none\">Kh\u00e1ch h\u00e0ng c\u00f3 th\u1ec3 xem s\u1ea3n ph\u1ea9m theo danh m\u1ee5c tr\u00ean website. Khi ch\u1ecdn s\u1ea3n ph\u1ea9m, s\u1ebd hi\u1ec3n th\u1ecb trang chi ti\u1ebft g\u1ed3m: m\u00f4 t\u1ea3 ng\u1eafn g\u1ecdn, t\u00ecnh tr\u1ea1ng h\u00e0ng v\u00e0 gi\u00e1 b\u00e1n.<\/span><\/li><li><span class=\"a_GcMg font-feature-liga-off font-feature-clig-off font-feature-calt-off text-decoration-none text-strikethrough-none\">T\u1ea5t c\u1ea3 gi\u00e1 hi\u1ec3n th\u1ecb b\u1eb1ng VN\u0110 v\u00e0 \u0111\u00e3 bao g\u1ed3m VAT. Ph\u00ed v\u1eadn chuy\u1ec3n kh\u00f4ng bao g\u1ed3m trong gi\u00e1 s\u1ea3n ph\u1ea9m v\u00e0 s\u1ebd \u0111\u01b0\u1ee3c hi\u1ec3n th\u1ecb ri\u00eang \u1edf b\u01b0\u1edbc thanh to\u00e1n.<\/span><\/li><li><span class=\"a_GcMg font-feature-liga-off font-feature-clig-off font-feature-calt-off text-decoration-none text-strikethrough-none\">Trong m\u1ed9t s\u1ed1 tr\u01b0\u1eddng h\u1ee3p, s\u1ea3n ph\u1ea9m c\u00f3 th\u1ec3 c\u00f3 thay \u0111\u1ed5i nh\u1ecf t\u1eeb nh\u00e0 s\u1ea3n xu\u1ea5t (kh\u00f4ng \u1ea3nh h\u01b0\u1edfng \u0111\u1ebfn ch\u1ea5t l\u01b0\u1ee3ng ho\u1eb7c t\u00ednh n\u0103ng).<\/span><\/li><li><span class=\"a_GcMg font-feature-liga-off font-feature-clig-off font-feature-calt-off text-decoration-none text-strikethrough-none\">L\u01b0u \u00fd: Sau khi \u0111\u1eb7t h\u00e0ng th\u00e0nh c\u00f4ng, kh\u00e1ch h\u00e0ng kh\u00f4ng th\u1ec3 thay \u0111\u1ed5i th\u00f4ng tin v\u1eadn chuy\u1ec3n.<\/span><\/li><\/ul><p class=\"cvGsUA direction-ltr align-justify para-style-body\"><span class=\"a_GcMg font-feature-liga-off font-feature-clig-off font-feature-calt-off text-decoration-none text-strikethrough-none\"><br \/><strong>3. H\u1ec7 th\u1ed1ng mua h\u00e0ng<\/strong><\/span><\/p><ul><li><span class=\"a_GcMg font-feature-liga-off font-feature-clig-off font-feature-calt-off text-decoration-none text-strikethrough-none\">Kh\u00e1ch h\u00e0ng c\u00f3 th\u1ec3 mua h\u00e0ng tr\u1ef1c ti\u1ebfp m\u00e0 kh\u00f4ng c\u1ea7n \u0111\u0103ng k\u00fd t\u00e0i kho\u1ea3n, ch\u1ec9 c\u1ea7n cung c\u1ea5p email \u0111\u1ec3 nh\u1eadn x\u00e1c nh\u1eadn \u0111\u01a1n h\u00e0ng.<\/span><\/li><li><span class=\"a_GcMg font-feature-liga-off font-feature-clig-off font-feature-calt-off text-decoration-none text-strikethrough-none\">\u0110\u1ec3 mua h\u00e0ng, ch\u1ecdn s\u1ea3n ph\u1ea9m v\u00e0 nh\u1ea5n \u201cTh\u00eam v\u00e0o gi\u1ecf h\u00e0ng\u201d. Gi\u1ecf h\u00e0ng s\u1ebd hi\u1ec3n th\u1ecb \u1edf g\u00f3c tr\u00ean c\u00f9ng b\u00ean ph\u1ea3i v\u00e0 \u0111\u01b0\u1ee3c c\u1eadp nh\u1eadt li\u00ean t\u1ee5c.<\/span><\/li><li><span class=\"a_GcMg font-feature-liga-off font-feature-clig-off font-feature-calt-off text-decoration-none text-strikethrough-none\">T\u1ea1i b\u01b0\u1edbc thanh to\u00e1n, kh\u00e1ch h\u00e0ng c\u00f3 th\u1ec3 nh\u1eadp m\u00e3 gi\u1ea3m gi\u00e1 (n\u1ebfu c\u00f3).<\/span><\/li><li><span class=\"a_GcMg font-feature-liga-off font-feature-clig-off font-feature-calt-off text-decoration-none text-strikethrough-none\">Sau khi \u0111i\u1ec1n th\u00f4ng tin giao h\u00e0ng, ch\u1ecdn ph\u01b0\u01a1ng th\u1ee9c v\u1eadn chuy\u1ec3n v\u00e0 thanh to\u00e1n, b\u1ea5m \u201cHo\u00e0n t\u1ea5t \u0111\u01a1n h\u00e0ng\u201d.<\/span><\/li><\/ul><p class=\"cvGsUA direction-ltr align-justify para-style-body\"><strong><span class=\"a_GcMg font-feature-liga-off font-feature-clig-off font-feature-calt-off text-decoration-none text-strikethrough-none\">4. H\u1ec7 th\u1ed1ng thanh to\u00e1n<\/span><\/strong><\/p><p class=\"cvGsUA direction-ltr align-justify para-style-body\"><span class=\"a_GcMg font-feature-liga-off font-feature-clig-off font-feature-calt-off text-decoration-none text-strikethrough-none\">TRODE hi\u1ec7n h\u1ed7 tr\u1ee3 c\u00e1c ph\u01b0\u01a1ng th\u1ee9c thanh to\u00e1n sau:<\/span><\/p><ul><li><span class=\"a_GcMg font-feature-liga-off font-feature-clig-off font-feature-calt-off text-decoration-none text-strikethrough-none\">Thanh to\u00e1n khi nh\u1eadn h\u00e0ng (COD)<\/span><\/li><li><span class=\"a_GcMg font-feature-liga-off font-feature-clig-off font-feature-calt-off text-decoration-none text-strikethrough-none\">Chuy\u1ec3n kho\u1ea3n ng\u00e2n h\u00e0ng<\/span><\/li><li><span class=\"a_GcMg font-feature-liga-off font-feature-clig-off font-feature-calt-off text-decoration-none text-strikethrough-none\">Thanh to\u00e1n online qua c\u1ed5ng thanh to\u00e1n (VNPay, Momo, ZaloPay, v.v.)<\/span><\/li><li><span class=\"a_GcMg font-feature-liga-off font-feature-clig-off font-feature-calt-off text-decoration-none text-strikethrough-none\">V\u1edbi h\u00ecnh th\u1ee9c thanh to\u00e1n online, d\u1eef li\u1ec7u \u0111\u01b0\u1ee3c m\u00e3 h\u00f3a v\u00e0 truy\u1ec1n t\u1ea3i an to\u00e0n. TRODE kh\u00f4ng l\u01b0u gi\u1eef th\u00f4ng tin th\u1ebb ng\u00e2n h\u00e0ng c\u1ee7a kh\u00e1ch h\u00e0ng.<\/span><\/li><li><span class=\"a_GcMg font-feature-liga-off font-feature-clig-off font-feature-calt-off text-decoration-none text-strikethrough-none\">Trong tr\u01b0\u1eddng h\u1ee3p ph\u00e1t sinh giao d\u1ecbch gian l\u1eadn ho\u1eb7c sai s\u00f3t, kh\u00e1ch h\u00e0ng c\u00f3 quy\u1ec1n khi\u1ebfu n\u1ea1i \u0111\u1ec3 \u0111\u01b0\u1ee3c x\u1eed l\u00fd theo quy \u0111\u1ecbnh ph\u00e1p lu\u1eadt.<\/span><\/li><li><span class=\"a_GcMg font-feature-liga-off font-feature-clig-off font-feature-calt-off text-decoration-none text-strikethrough-none\">Sau khi thanh to\u00e1n th\u00e0nh c\u00f4ng, TRODE s\u1ebd g\u1eedi email x\u00e1c nh\u1eadn \u0111\u01a1n h\u00e0ng.<\/span><\/li><\/ul><p class=\"cvGsUA direction-ltr align-justify para-style-body\"><strong><span class=\"a_GcMg font-feature-liga-off font-feature-clig-off font-feature-calt-off text-decoration-none text-strikethrough-none\">5. Ch\u00ednh s\u00e1ch giao h\u00e0ng<\/span><\/strong><\/p><ul><li><span class=\"a_GcMg font-feature-liga-off font-feature-clig-off font-feature-calt-off text-decoration-none text-strikethrough-none\">Ph\u00ed v\u1eadn chuy\u1ec3n ph\u1ee5 thu\u1ed9c v\u00e0o khu v\u1ef1c v\u00e0 s\u1ebd \u0111\u01b0\u1ee3c hi\u1ec3n th\u1ecb \u1edf b\u01b0\u1edbc thanh to\u00e1n.<\/span><\/li><\/ul><p class=\"cvGsUA direction-ltr align-justify para-style-body\"><span class=\"a_GcMg font-feature-liga-off font-feature-clig-off font-feature-calt-off text-decoration-none text-strikethrough-none\">Th\u1eddi gian giao h\u00e0ng:<\/span><\/p><ul><li><span class=\"a_GcMg font-feature-liga-off font-feature-clig-off font-feature-calt-off text-decoration-none text-strikethrough-none\">N\u1ed9i th\u00e0nh TP.HCM: 1\u20133 ng\u00e0y l\u00e0m vi\u1ec7c<\/span><\/li><li><span class=\"a_GcMg font-feature-liga-off font-feature-clig-off font-feature-calt-off text-decoration-none text-strikethrough-none\">C\u00e1c t\u1ec9nh\/th\u00e0nh kh\u00e1c: 3\u20137 ng\u00e0y l\u00e0m vi\u1ec7c<\/span><\/li><li><span class=\"a_GcMg font-feature-liga-off font-feature-clig-off font-feature-calt-off text-decoration-none text-strikethrough-none\">(Th\u1eddi gian c\u00f3 th\u1ec3 thay \u0111\u1ed5i trong c\u00e1c d\u1ecbp cao \u0111i\u1ec3m nh\u01b0 ra m\u1eaft b\u1ed9 s\u01b0u t\u1eadp m\u1edbi, Black Friday ho\u1eb7c L\u1ec5 T\u1ebft.)<\/span><\/li><li><span class=\"a_GcMg font-feature-liga-off font-feature-clig-off font-feature-calt-off text-decoration-none text-strikethrough-none\">Kh\u00e1ch h\u00e0ng c\u00f3 tr\u00e1ch nhi\u1ec7m cung c\u1ea5p \u0111\u1ecba ch\u1ec9 v\u00e0 s\u1ed1 \u0111i\u1ec7n tho\u1ea1i ch\u00ednh x\u00e1c. TRODE kh\u00f4ng ch\u1ecbu tr\u00e1ch nhi\u1ec7m n\u1ebfu giao h\u00e0ng th\u1ea5t b\u1ea1i do \u0111\u1ecba ch\u1ec9 sai ho\u1eb7c thi\u1ebfu th\u00f4ng tin.<\/span><\/li><li><span class=\"a_GcMg font-feature-liga-off font-feature-clig-off font-feature-calt-off text-decoration-none text-strikethrough-none\">Khi nh\u1eadn h\u00e0ng, kh\u00e1ch c\u1ea7n ki\u1ec3m tra t\u00ecnh tr\u1ea1ng s\u1ea3n ph\u1ea9m. N\u1ebfu ph\u00e1t hi\u1ec7n sai s\u00f3t ho\u1eb7c h\u01b0 h\u1ecfng, vui l\u00f2ng th\u00f4ng b\u00e1o ngay v\u1edbi nh\u00e2n vi\u00ean giao h\u00e0ng v\u00e0 li\u00ean h\u1ec7 v\u1edbi TRODE trong v\u00f2ng 24 gi\u1edd.<\/span><\/li><\/ul><p class=\"cvGsUA direction-ltr align-justify para-style-body\"><strong><span class=\"a_GcMg font-feature-liga-off font-feature-clig-off font-feature-calt-off text-decoration-none text-strikethrough-none\">6. Thu\u1ebf &amp; chi ph\u00ed kh\u00e1c<\/span><\/strong><\/p><p class=\"cvGsUA direction-ltr align-justify para-style-body\"><span class=\"a_GcMg font-feature-liga-off font-feature-clig-off font-feature-calt-off text-decoration-none text-strikethrough-none\">Trong tr\u01b0\u1eddng h\u1ee3p c\u00f3 ph\u00e1t sinh chi ph\u00ed h\u1ea3i quan ho\u1eb7c thu\u1ebf nh\u1eadp kh\u1ea9u (\u00e1p d\u1ee5ng cho \u0111\u01a1n qu\u1ed1c t\u1ebf, n\u1ebfu c\u00f3), kh\u00e1ch h\u00e0ng s\u1ebd ch\u1ecbu tr\u00e1ch nhi\u1ec7m thanh to\u00e1n.<\/span><\/p><p class=\"cvGsUA direction-ltr align-justify para-style-body\"><strong><span class=\"a_GcMg font-feature-liga-off font-feature-clig-off font-feature-calt-off text-decoration-none text-strikethrough-none\">7. H\u1ed7 tr\u1ee3 kh\u00e1ch h\u00e0ng<\/span><\/strong><\/p><p class=\"cvGsUA direction-ltr align-justify para-style-body\"><span class=\"a_GcMg font-feature-liga-off font-feature-clig-off font-feature-calt-off text-decoration-none text-strikethrough-none\">N\u1ebfu c\u00f3 th\u1eafc m\u1eafc, vui l\u00f2ng li\u00ean h\u1ec7:<\/span><\/p><p class=\"cvGsUA direction-ltr align-justify para-style-body\"><span class=\"a_GcMg font-feature-liga-off font-feature-clig-off font-feature-calt-off text-decoration-none text-strikethrough-none\">\ud83d\udce9 trodecompany@gmail.com<\/span><\/p><p class=\"cvGsUA direction-ltr align-justify para-style-body\"><span class=\"a_GcMg font-feature-liga-off font-feature-clig-off font-feature-calt-off text-decoration-none text-strikethrough-none\">\ud83d\udcde 0769 991 966 (Th\u1ee9 Hai \u2013 Th\u1ee9 S\u00e1u, 9:00 \u2013 18:00)<\/span><\/p><p class=\"cvGsUA direction-ltr align-justify para-style-body\"><span class=\"a_GcMg font-feature-liga-off font-feature-clig-off font-feature-calt-off text-decoration-none text-strikethrough-none\">Ch\u00fang t\u00f4i c\u0169ng c\u00f3 m\u1eabu \u0111\u01a1n khi\u1ebfu n\u1ea1i trong tr\u01b0\u1eddng h\u1ee3p kh\u00e1ch h\u00e0ng c\u1ea7n ph\u1ea3n \u00e1nh.<\/span><\/p><p class=\"cvGsUA direction-ltr align-justify para-style-body\"><strong><span class=\"a_GcMg font-feature-liga-off font-feature-clig-off font-feature-calt-off text-decoration-none text-strikethrough-none\">8. Lu\u1eadt \u00e1p d\u1ee5ng &amp; th\u1ea9m quy\u1ec1n gi\u1ea3i quy\u1ebft<\/span><\/strong><\/p><ul><li><span class=\"a_GcMg font-feature-liga-off font-feature-clig-off font-feature-calt-off text-decoration-none text-strikethrough-none\">Vi\u1ec7c s\u1eed d\u1ee5ng website v\u00e0 h\u1ee3p \u0111\u1ed3ng mua b\u00e1n s\u1ebd tu\u00e2n theo ph\u00e1p lu\u1eadt Vi\u1ec7t Nam.<\/span><\/li><li><span class=\"a_GcMg font-feature-liga-off font-feature-clig-off font-feature-calt-off text-decoration-none text-strikethrough-none\">M\u1ecdi tranh ch\u1ea5p s\u1ebd do T\u00f2a \u00e1n Vi\u1ec7t Nam c\u00f3 th\u1ea9m quy\u1ec1n gi\u1ea3i quy\u1ebft.<\/span><\/li><li><span class=\"a_GcMg font-feature-liga-off font-feature-clig-off font-feature-calt-off text-decoration-none text-strikethrough-none\">N\u1ebfu kh\u00e1ch h\u00e0ng l\u00e0 ng\u01b0\u1eddi ti\u00eau d\u00f9ng, c\u00e1c quy\u1ec1n l\u1ee3i h\u1ee3p ph\u00e1p theo lu\u1eadt hi\u1ec7n h\u00e0nh lu\u00f4n \u0111\u01b0\u1ee3c b\u1ea3o \u0111\u1ea3m.<\/span><\/li><\/ul>\t\t\t\t\t\t\t\t<\/div>\n\t\t\t\t\t<\/div>\n\t\t\t\t<\/div>\n\t\t\t\t<\/div>","protected":false},"excerpt":{"rendered":"<p>TERMS OF SERVICE 1. Product Information The information provided for each product (including images, videos, brand names, and trademarks) on www.trode.vn is for reference purposes only. Actual product colors may vary slightly from the images or videos due to lighting during photography, display device settings, and environmental conditions. TRODE always strives to represent products as close to reality as possible. Size guides on the website are for indication only and may vary by 1\u20132 cm depending on fabric and fit 2. Pre-purchase Information Customers can browse products by category on the website. When selecting a product, a detailed page will be displayed including: a short description, availability, and price. All prices are shown in VND and include VAT. Shipping fees are not included in the product price and will be displayed separately during checkout. In some cases, products may undergo minor changes from the manufacturer (without affecting quality or functionality). Note: Once an order has been successfully placed, shipping information cannot be changed. 3. Purchase System Customers can purchase directly without creating an account, only an email address is required to receive the order confirmation. To purchase, select the product and click \u201cAdd to cart\u201d. The cart will appear at the top right of the website and update continuously. At checkout, customers can enter a discount code (if applicable). After filling in shipping information, selecting the delivery method, and completing payment, click \u201cComplete order\u201d. 4. Payment System TRODE currently supports the following payment methods: Cash on Delivery (COD) Bank transfer Online payment via gateways (VNPay, Momo, ZaloPay, etc.) For online payments, all data is encrypted and securely transmitted. TRODE does not store any banking or card details of customers. In cases of fraudulent or incorrect transactions, customers have the right to file a complaint to be handled in accordance with Vietnamese law. After successful payment, TRODE will send an order confirmation email. 5. Shipping Policy Shipping fees depend on the delivery area and will be displayed at checkout. Estimated delivery time: Ho Chi Minh City (inner districts): 1\u20133 working days Other provinces in Vietnam: 3\u20137 working days (Delivery times may vary during peak periods such as Black Friday, national holidays, or new collection launches). Customers are responsible for providing accurate and complete delivery information. TRODE is not responsible for failed deliveries caused by incorrect or missing information. Upon receiving the order, customers should check the product condition. If errors or damages are found, please inform the delivery staff immediately and contact TRODE within 24 hours. 6. Taxes &amp; Other Charges In cases where customs fees or import taxes apply (for international orders, if any), these expenses will be borne by the customer. 7. Customer Support If you have any questions, please contact us: \ud83d\udce9 trodecompany@gmail.com \ud83d\udcde 0769 991 966 (Monday \u2013 Friday, 9:00 \u2013 18:00) We also provide a complaint form in case you need to submit a claim. 8. Governing Law &amp; Jurisdiction The use of this website and purchase contracts will be governed by Vietnamese law. Any disputes will be resolved by the competent courts of Vietnam. If you are contracting as a consumer, your legal rights under current law are fully protected.<\/p>","protected":false},"author":1,"featured_media":0,"parent":0,"menu_order":0,"comment_status":"closed","ping_status":"closed","template":"elementor_canvas","meta":{"footnotes":""},"class_list":["post-14558","page","type-page","status-publish","hentry"],"_hostinger_reach_plugin_has_subscription_block":false,"_hostinger_reach_plugin_is_elementor":false,"_links":{"self":[{"href":"https:\/\/trode-multiverse.com\/vi\/wp-json\/wp\/v2\/pages\/14558","targetHints":{"allow":["GET"]}}],"collection":[{"href":"https:\/\/trode-multiverse.com\/vi\/wp-json\/wp\/v2\/pages"}],"about":[{"href":"https:\/\/trode-multiverse.com\/vi\/wp-json\/wp\/v2\/types\/page"}],"author":[{"embeddable":true,"href":"https:\/\/trode-multiverse.com\/vi\/wp-json\/wp\/v2\/users\/1"}],"replies":[{"embeddable":true,"href":"https:\/\/trode-multiverse.com\/vi\/wp-json\/wp\/v2\/comments?post=14558"}],"version-history":[{"count":13,"href":"https:\/\/trode-multiverse.com\/vi\/wp-json\/wp\/v2\/pages\/14558\/revisions"}],"predecessor-version":[{"id":14611,"href":"https:\/\/trode-multiverse.com\/vi\/wp-json\/wp\/v2\/pages\/14558\/revisions\/14611"}],"wp:attachment":[{"href":"https:\/\/trode-multiverse.com\/vi\/wp-json\/wp\/v2\/media?parent=14558"}],"curies":[{"name":"wp","href":"https:\/\/api.w.org\/{rel}","templated":true}]}}