{"id":14557,"date":"2025-08-18T17:58:53","date_gmt":"2025-08-18T17:58:53","guid":{"rendered":"https:\/\/trode-multiverse.com\/?page_id=14557"},"modified":"2025-08-19T07:30:07","modified_gmt":"2025-08-19T07:30:07","slug":"shipping","status":"publish","type":"page","link":"https:\/\/trode-multiverse.com\/vi\/shipping\/","title":{"rendered":"V\u1eadn chuy\u1ec3n"},"content":{"rendered":"<div data-elementor-type=\"wp-page\" data-elementor-id=\"14557\" class=\"elementor elementor-14557\" data-elementor-post-type=\"page\">\n\t\t\t\t<div class=\"elementor-element elementor-element-902fcdf e-flex e-con-boxed wpr-particle-no wpr-jarallax-no wpr-parallax-no wpr-sticky-section-no e-con e-parent\" data-id=\"902fcdf\" data-element_type=\"container\">\n\t\t\t\t\t<div class=\"e-con-inner\">\n\t\t\t\t<div class=\"elementor-element elementor-element-5bcc07e elementor-widget elementor-widget-heading\" data-id=\"5bcc07e\" data-element_type=\"widget\" data-widget_type=\"heading.default\">\n\t\t\t\t\t<h2 class=\"elementor-heading-title elementor-size-default\">CH\u00cdNH S\u00c1CH GIAO H\u00c0NG<\/h2>\t\t\t\t<\/div>\n\t\t\t\t\t<\/div>\n\t\t\t\t<\/div>\n\t\t<div class=\"elementor-element elementor-element-325d524 e-flex e-con-boxed wpr-particle-no wpr-jarallax-no wpr-parallax-no wpr-sticky-section-no e-con e-parent\" data-id=\"325d524\" data-element_type=\"container\">\n\t\t\t\t\t<div class=\"e-con-inner\">\n\t\t\t\t<div class=\"elementor-element elementor-element-c917785 elementor-widget elementor-widget-text-editor\" data-id=\"c917785\" data-element_type=\"widget\" data-widget_type=\"text-editor.default\">\n\t\t\t\t\t\t\t\t\t<p class=\"cvGsUA direction-ltr align-justify para-style-body\"><span class=\"a_GcMg font-feature-liga-off font-feature-clig-off font-feature-calt-off text-decoration-none text-strikethrough-none\">Ngay sau khi b\u1ea1n ho\u00e0n t\u1ea5t mua h\u00e0ng, b\u1ea1n s\u1ebd nh\u1eadn \u0111\u01b0\u1ee3c email x\u00e1c nh\u1eadn \u0111\u01a1n h\u00e0ng <\/span><span class=\"a_GcMg font-feature-liga-off font-feature-clig-off font-feature-calt-off text-decoration-none text-strikethrough-none\">order confirmation email<\/span><span class=\"a_GcMg font-feature-liga-off font-feature-clig-off font-feature-calt-off text-decoration-none text-strikethrough-none\">\u0110\u1ed9i ng\u0169 TRODE s\u1ebd nhanh ch\u00f3ng x\u1eed l\u00fd \u0111\u1ec3 b\u1ea1n nh\u1eadn \u0111\u01b0\u1ee3c s\u1ea3n ph\u1ea9m s\u1edbm nh\u1ea5t c\u00f3 th\u1ec3.<\/span><\/p><p class=\"cvGsUA direction-ltr align-justify para-style-body\"><span class=\"a_GcMg font-feature-liga-off font-feature-clig-off font-feature-calt-off text-decoration-none text-strikethrough-none\">N\u1ebfu sau s\u1ed1 ng\u00e0y l\u00e0m vi\u1ec7c quy \u0111\u1ecbnh d\u01b0\u1edbi \u0111\u00e2y m\u00e0 b\u1ea1n v\u1eabn ch\u01b0a nh\u1eadn \u0111\u01b0\u1ee3c \u0111\u01a1n h\u00e0ng, vui l\u00f2ng li\u00ean h\u1ec7 v\u1edbi ch\u00fang t\u00f4i k\u00e8m m\u00e3 \u0111\u01a1n h\u00e0ng \u0111\u1ec3 \u0111\u01b0\u1ee3c h\u1ed7 tr\u1ee3 ki\u1ec3m tra v\u00e0 gi\u1ea3i quy\u1ebft nhanh nh\u1ea5t.<\/span><\/p><p class=\"cvGsUA direction-ltr align-justify para-style-body\"><strong><span class=\"a_GcMg font-feature-liga-off font-feature-clig-off font-feature-calt-off text-decoration-none text-strikethrough-none\">Th\u1eddi gian giao h\u00e0ng<\/span><\/strong><\/p><ul><li><strong><span class=\"a_GcMg font-feature-liga-off font-feature-clig-off font-feature-calt-off text-decoration-none text-strikethrough-none\">N\u1ed9i th\u00e0nh TP.HCM: <\/span><\/strong><span class=\"a_GcMg font-feature-liga-off font-feature-clig-off font-feature-calt-off text-decoration-none text-strikethrough-none\">1 \u2013 3 ng\u00e0y l\u00e0m vi\u1ec7c<\/span><\/li><li><strong><span class=\"a_GcMg font-feature-liga-off font-feature-clig-off font-feature-calt-off text-decoration-none text-strikethrough-none\">C\u00e1c t\u1ec9nh\/th\u00e0nh kh\u00e1c: <\/span><\/strong><span class=\"a_GcMg font-feature-liga-off font-feature-clig-off font-feature-calt-off text-decoration-none text-strikethrough-none\">3 \u2013 7 ng\u00e0y l\u00e0m vi\u1ec7c<\/span><\/li><\/ul><p class=\"cvGsUA direction-ltr align-justify para-style-body\"><span class=\"a_GcMg font-feature-liga-off font-feature-clig-off font-feature-calt-off text-decoration-none text-strikethrough-none\">(Th\u1eddi gian c\u00f3 th\u1ec3 thay \u0111\u1ed5i trong c\u00e1c d\u1ecbp cao \u0111i\u1ec3m nh\u01b0 ra m\u1eaft b\u1ed9 s\u01b0u t\u1eadp m\u1edbi, Black Friday ho\u1eb7c L\u1ec5 T\u1ebft.)<\/span><\/p><p class=\"cvGsUA direction-ltr align-justify para-style-body\"><strong><span class=\"a_GcMg font-feature-liga-off font-feature-clig-off font-feature-calt-off text-decoration-none text-strikethrough-none\">Ph\u00ed giao h\u00e0ng<\/span><\/strong><\/p><ul><li><span class=\"a_GcMg font-feature-liga-off font-feature-clig-off font-feature-calt-off text-decoration-none text-strikethrough-none\"><b>N\u1ed9i th\u00e0nh TP.HCM:<\/b><\/span><span class=\"a_GcMg font-feature-liga-off font-feature-clig-off font-feature-calt-off text-decoration-none text-strikethrough-none\"> 25,000\u0111 \u2013 30,000\u0111<\/span><\/li><li><span class=\"a_GcMg font-feature-liga-off font-feature-clig-off font-feature-calt-off text-decoration-none text-strikethrough-none\"><b>C\u00e1c t\u1ec9nh\/th\u00e0nh kh\u00e1c:<\/b> <\/span><span class=\"a_GcMg font-feature-liga-off font-feature-clig-off font-feature-calt-off text-decoration-none text-strikethrough-none\">35,000\u0111 \u2013 45,000\u0111 (depending on area and courier service)<\/span><\/li><li><span class=\"a_GcMg font-feature-liga-off font-feature-clig-off font-feature-calt-off text-decoration-none text-strikethrough-none\"><b>Mi\u1ec5n ph\u00ed giao h\u00e0ng<\/b> <\/span><span class=\"a_GcMg font-feature-liga-off font-feature-clig-off font-feature-calt-off text-decoration-none text-strikethrough-none\">cho \u0111\u01a1n t\u1eeb <\/span><span class=\"a_GcMg font-feature-liga-off font-feature-clig-off font-feature-calt-off text-decoration-none text-strikethrough-none\">1,500,000\u0111.<\/span><\/li><\/ul><p class=\"cvGsUA direction-ltr align-justify para-style-body\"><strong><span class=\"a_GcMg font-feature-liga-off font-feature-clig-off font-feature-calt-off text-decoration-none text-strikethrough-none\">L\u01b0u \u00fd<\/span><\/strong><\/p><ul><li><span class=\"a_GcMg font-feature-liga-off font-feature-clig-off font-feature-calt-off text-decoration-none text-strikethrough-none\">Vui l\u00f2ng nh\u1eadp ch\u00ednh x\u00e1c <\/span><strong><span class=\"a_GcMg font-feature-liga-off font-feature-clig-off font-feature-calt-off text-decoration-none text-strikethrough-none\">\u0111\u1ecba ch\u1ec9 giao h\u00e0ng, s\u1ed1 \u0111i\u1ec7n tho\u1ea1i.<\/span><\/strong><span class=\"a_GcMg font-feature-liga-off font-feature-clig-off font-feature-calt-off text-decoration-none text-strikethrough-none\"> \u0111\u1ec3 \u0111\u01a1n \u0111\u01b0\u1ee3c ho\u00e0n th\u00e0nh<\/span><\/li><li><span class=\"a_GcMg font-feature-liga-off font-feature-clig-off font-feature-calt-off text-decoration-none text-strikethrough-none\">TRODE kh\u00f4ng ch\u1ecbu tr\u00e1ch nhi\u1ec7m n\u1ebfu \u0111\u01a1n h\u00e0ng b\u1ecb ch\u1eadm ho\u1eb7c th\u1ea5t l\u1ea1c do \u0111\u1ecba ch\u1ec9 kh\u00f4ng ch\u00ednh x\u00e1c ho\u1eb7c thi\u1ebfu th\u00f4ng tin.<\/span><\/li><\/ul>\t\t\t\t\t\t\t\t<\/div>\n\t\t\t\t\t<\/div>\n\t\t\t\t<\/div>\n\t\t\t\t<\/div>","protected":false},"excerpt":{"rendered":"<p>Shipping Policy Once your purchase is completed, you will receive an order confirmation email. The TRODE team will process your order immediately so that you receive your products as soon as possible. If you have not received your order within the working days specified below, please contact us with your order number so that we can review and provide a solution as quickly as possible. Delivery time Ho Chi Minh City: 1 \u2013 3 working days Other provinces in Vietnam: 3 \u2013 7 working days Delivery times may vary during peak periods such as new collection launches, Black Friday, or national holidays. Shipping fees Ho Chi Minh City: 25,000\u0111 \u2013 30,000\u0111 Other provinces: 35,000\u0111 \u2013 45,000\u0111 (depending on area and courier service) Free shipping on all orders over 1,500,000\u0111. Notes Please make sure your delivery address and phone number are accurate and complete. TRODE is not responsible for delays or failed deliveries caused by incorrect or missing shipping information.<\/p>","protected":false},"author":1,"featured_media":0,"parent":0,"menu_order":0,"comment_status":"closed","ping_status":"closed","template":"elementor_canvas","meta":{"footnotes":""},"class_list":["post-14557","page","type-page","status-publish","hentry"],"_hostinger_reach_plugin_has_subscription_block":false,"_hostinger_reach_plugin_is_elementor":false,"_links":{"self":[{"href":"https:\/\/trode-multiverse.com\/vi\/wp-json\/wp\/v2\/pages\/14557","targetHints":{"allow":["GET"]}}],"collection":[{"href":"https:\/\/trode-multiverse.com\/vi\/wp-json\/wp\/v2\/pages"}],"about":[{"href":"https:\/\/trode-multiverse.com\/vi\/wp-json\/wp\/v2\/types\/page"}],"author":[{"embeddable":true,"href":"https:\/\/trode-multiverse.com\/vi\/wp-json\/wp\/v2\/users\/1"}],"replies":[{"embeddable":true,"href":"https:\/\/trode-multiverse.com\/vi\/wp-json\/wp\/v2\/comments?post=14557"}],"version-history":[{"count":19,"href":"https:\/\/trode-multiverse.com\/vi\/wp-json\/wp\/v2\/pages\/14557\/revisions"}],"predecessor-version":[{"id":14620,"href":"https:\/\/trode-multiverse.com\/vi\/wp-json\/wp\/v2\/pages\/14557\/revisions\/14620"}],"wp:attachment":[{"href":"https:\/\/trode-multiverse.com\/vi\/wp-json\/wp\/v2\/media?parent=14557"}],"curies":[{"name":"wp","href":"https:\/\/api.w.org\/{rel}","templated":true}]}}